{"id":706,"date":"2020-01-16T19:04:31","date_gmt":"2020-01-16T18:04:31","guid":{"rendered":"http:\/\/www.tanzschulepeterhansl.de\/v4\/?page_id=706"},"modified":"2020-01-16T19:24:05","modified_gmt":"2020-01-16T18:24:05","slug":"kuendigung","status":"publish","type":"page","link":"https:\/\/www.tanzschulepeterhansl.de\/v4\/le-bal-club-2\/kuendigung\/","title":{"rendered":"K\u00fcndigung"},"content":{"rendered":"<p>F\u00fcr die K\u00fcndigung der Le-Bal-Clubmitgliedschaft bedarf es einer ordentlichen K\u00fcndigung in schriftlicher Form.<\/p>\n<p>Einen entsprechenden Vordruck finden Sie unten auf dieser Seite als PDF-Download. Einfach das Formular anklicken, ausdrucken, ausf\u00fcllen, unterschreiben und entweder per Post oder per E-Mail (Scan als Anhang) an uns schicken. Sie erhalten eine Best\u00e4tigung ihrer K\u00fcndigung mit dem Austrittsdatum per Post.<\/p>\n<p>Hier klicken und downloaden: <a href=\"https:\/\/www.tanzschulepeterhansl.de\/v4\/wp-content\/uploads\/2020\/01\/K\u00fcndigung-Le-Bal-Club.pdf\">K\u00fcndigung Le-Bal-Club<\/a><\/p>\n<p>&nbsp;<\/p>\n","protected":false},"excerpt":{"rendered":"<p>F\u00fcr die K\u00fcndigung der Le-Bal-Clubmitgliedschaft bedarf es einer ordentlichen K\u00fcndigung in schriftlicher Form. Einen entsprechenden Vordruck finden Sie unten auf dieser Seite als PDF-Download. Einfach das Formular anklicken, ausdrucken, ausf\u00fcllen, unterschreiben und entweder per Post oder per E-Mail (Scan als Anhang) an uns schicken. Sie erhalten eine Best\u00e4tigung ihrer K\u00fcndigung mit dem Austrittsdatum per Post.<\/p>\n<p><a href=\"https:\/\/www.tanzschulepeterhansl.de\/v4\/le-bal-club-2\/kuendigung\/\" class=\"read-more\">weiterlesen &rarr;<\/a><\/p>\n","protected":false},"author":2,"featured_media":0,"parent":505,"menu_order":0,"comment_status":"closed","ping_status":"closed","template":"","meta":{"footnotes":""},"class_list":["post-706","page","type-page","status-publish","hentry"],"_links":{"self":[{"href":"https:\/\/www.tanzschulepeterhansl.de\/v4\/wp-json\/wp\/v2\/pages\/706","targetHints":{"allow":["GET"]}}],"collection":[{"href":"https:\/\/www.tanzschulepeterhansl.de\/v4\/wp-json\/wp\/v2\/pages"}],"about":[{"href":"https:\/\/www.tanzschulepeterhansl.de\/v4\/wp-json\/wp\/v2\/types\/page"}],"author":[{"embeddable":true,"href":"https:\/\/www.tanzschulepeterhansl.de\/v4\/wp-json\/wp\/v2\/users\/2"}],"replies":[{"embeddable":true,"href":"https:\/\/www.tanzschulepeterhansl.de\/v4\/wp-json\/wp\/v2\/comments?post=706"}],"version-history":[{"count":4,"href":"https:\/\/www.tanzschulepeterhansl.de\/v4\/wp-json\/wp\/v2\/pages\/706\/revisions"}],"predecessor-version":[{"id":712,"href":"https:\/\/www.tanzschulepeterhansl.de\/v4\/wp-json\/wp\/v2\/pages\/706\/revisions\/712"}],"up":[{"embeddable":true,"href":"https:\/\/www.tanzschulepeterhansl.de\/v4\/wp-json\/wp\/v2\/pages\/505"}],"wp:attachment":[{"href":"https:\/\/www.tanzschulepeterhansl.de\/v4\/wp-json\/wp\/v2\/media?parent=706"}],"curies":[{"name":"wp","href":"https:\/\/api.w.org\/{rel}","templated":true}]}}