{"id":66,"date":"2015-08-08T17:33:59","date_gmt":"2015-08-08T15:33:59","guid":{"rendered":"http:\/\/www.tanzschulepeterhansl.de\/v4\/?page_id=66"},"modified":"2022-02-07T16:33:49","modified_gmt":"2022-02-07T15:33:49","slug":"kursinhalte","status":"publish","type":"page","link":"https:\/\/www.tanzschulepeterhansl.de\/v4\/kursinhalte\/","title":{"rendered":"Kursinhalte"},"content":{"rendered":"<p><strong>In unserer Tanzschule wird nach den Technik-B\u00fcchern von &#8222;Alex Moore&#8220; und &#8222;Walter Laird&#8220; unterrichtet. In den h\u00f6heren Kursstufen finden auch die B\u00fccher von &#8222;Geoffrey Hearn&#8220; (A Technique of Latin-American Advanced Figures, Eine Technik weiterentwickelter Standardfiguren), sowie die B\u00fccher der &#8222;Imperial Society of Teachers of Dancing&#8220; und der &#8222;World Dance Sport Federation&#8220; Verwendung.<\/strong><\/p>\n<p><strong>Grundkurs: <\/strong>Langsamer Walzer (Grundschritt, 1\/4 Rechtsdrehung), Tango (Wiegeschritt), Jive (Grundschritt, Damensolo, Flirt), Rumba (Grundschritt, Damensolo, Vorw\u00e4rtspromenade), ChaChaCha (Grundschritt, Damensolo, Vorw\u00e4rts Promenade), Discofox (Starter, Rechtsdrehung)<\/p>\n<p><strong>Grundkurs Jugendliche:<\/strong> Langsamer Walzer (Grundschritt, 1\/4 Rechtsdrehung), Tango (Wiegeschritt), Jive (Grundschritt, Damensolo, Flirt), Rumba (Grundschritt, Damensolo, Vorw\u00e4rtspromenade), ChaChaCha (Grundschritt, Damensolo, Vorw\u00e4rts Promenade), Discofox (Starter, Rechtsdrehung, Original Wiener Francaise, Partyt\u00e4nze, Balletikette, Gutes Benehmen<\/p>\n<p><strong>Aufbaustufe:<\/strong> Langsamer Walzer (Rechtsdrehung, Schrittechnick), Wiener Walzer (Schrittechnik, Rechtsdrehung, Neigung), Tango (Variation Wiegeschritt, Valentino, Promenade, Charakteristik), Jive (Platzwechsel), Rumba (Spot Turn, R\u00fcckw\u00e4rtspromenade, Shoulder to Shoulder), ChaChaCha (Spot Turn, R\u00fcckw\u00e4rtspromenade, Shoulder to Shoulder), Discofox (Linksdrehung, Send Out), Quickstep (Grundschritt)<\/p>\n<p><strong>Mittelstufe:<\/strong> Figuren und Technik zu den bereits bekannten T\u00e4nzen, Samba (Whisk, Damensolo, Promenade, Schatten Botafogos), Discofox entf\u00e4llt und wird ersetzt durch West Coast Swing (Left Side Pass, Shugar Push, Right Side Pass, Shugar Tuk), Slow Foxtrott (Feder u. Dreierschritt, Basisfolge), Paso Doble (Einfache Grundfiguren)<\/p>\n<p><strong>Tanzkreis:<\/strong> Bestandspflege, Erweiterte Figuren und Kombinationen aus den bereits bekannten T\u00e4nzen, Bachata (Basisfiguren), Rockabilly (Basisfiguren), Tanztechnick<\/p>\n<p><strong>Sport Club:<\/strong> Schwierige Figuren und Kombinationen, Technik auf hohem Niveau, Turniertraining, Turnierfolgen<\/p>\n<p><span style=\"text-decoration: underline;\"><strong>West Coast Swing<\/strong><\/span><\/p>\n<p><strong>Grundkurs:<\/strong> Basic Step, Basic Starter, Send Her Out, Sugar Push, Sugar Tuck, Left Side Pass, Underarm Turn, Whip<\/p>\n<p><strong>Club:<\/strong> Reverse Whip, Stalker Whip, Basket Whip, Apache Whip, Hustle Whip, Musicality, Lead and Follow (Advanced), Patterns, Improvisation, &#8230;<\/p>\n<p><span style=\"text-decoration: underline;\"><strong>Salsa<\/strong><\/span><\/p>\n<p><strong>Grundkurs: <\/strong>Basic, Lady&#8217;s &amp; Men&#8217;s Turn, Cross Body Lead, Catapult, einfache Kombinationen, Footwork, Lead &amp; Follow, Cross Body Lead mit Outside Turn (Inside Turn)<\/p>\n<p><strong>Club: <\/strong>Je nach Kursteilnehmer angepasste Kombinationen, Musicality, Bachata, Advanced Lead &amp; Follow, &#8230;<\/p>\n<p><strong><span style=\"text-decoration: underline;\">Discofox (American Hustle)<br \/>\n<\/span><\/strong><\/p>\n<p><strong>Grundkurs:<\/strong> Basic, Basic Starter, Rechtsdrehung, Linksdrehung, Throw-Out, Underarm Turn, Basic Wrap, Damenschal, Lead &amp; Follow, &#8230;<\/p>\n<p><strong>Club:<\/strong>\u00a0 Wrap Variationen, advancet Lead &amp; Follow, New York Walk &amp; Variation, Las Vegas Walk, Musicality, Diverse Figuren &amp; Kombinationen, &#8230;<\/p>\n<p><strong>Tango Argentino<\/strong><\/p>\n<p>Kommunikation im Paar, Paar-Balance, Kontrolle \u00fcber eigenen Schwerpunkt, Musicality, Lead &amp; Follow, Improvisation, Kreativit\u00e4t, Caminar, Box-Step, Basico 1, Basico 2, Ocho, Giro, Sacada, Entrada, Barrida, Lapiz, Sanguchito, Boleo, Gancho, Saludo, Colgadas, Volcadas, Soltadas, &#8230;<\/p>\n","protected":false},"excerpt":{"rendered":"<p>In unserer Tanzschule wird nach den Technik-B\u00fcchern von &#8222;Alex Moore&#8220; und &#8222;Walter Laird&#8220; unterrichtet. In den h\u00f6heren Kursstufen finden auch die B\u00fccher von &#8222;Geoffrey Hearn&#8220; (A Technique of Latin-American Advanced Figures, Eine Technik weiterentwickelter Standardfiguren), sowie die B\u00fccher der &#8222;Imperial Society of Teachers of Dancing&#8220; und der &#8222;World Dance Sport Federation&#8220; Verwendung. Grundkurs: Langsamer Walzer<\/p>\n<p><a href=\"https:\/\/www.tanzschulepeterhansl.de\/v4\/kursinhalte\/\" class=\"read-more\">weiterlesen &rarr;<\/a><\/p>\n","protected":false},"author":2,"featured_media":0,"parent":0,"menu_order":0,"comment_status":"closed","ping_status":"closed","template":"","meta":{"footnotes":""},"class_list":["post-66","page","type-page","status-publish","hentry"],"_links":{"self":[{"href":"https:\/\/www.tanzschulepeterhansl.de\/v4\/wp-json\/wp\/v2\/pages\/66","targetHints":{"allow":["GET"]}}],"collection":[{"href":"https:\/\/www.tanzschulepeterhansl.de\/v4\/wp-json\/wp\/v2\/pages"}],"about":[{"href":"https:\/\/www.tanzschulepeterhansl.de\/v4\/wp-json\/wp\/v2\/types\/page"}],"author":[{"embeddable":true,"href":"https:\/\/www.tanzschulepeterhansl.de\/v4\/wp-json\/wp\/v2\/users\/2"}],"replies":[{"embeddable":true,"href":"https:\/\/www.tanzschulepeterhansl.de\/v4\/wp-json\/wp\/v2\/comments?post=66"}],"version-history":[{"count":23,"href":"https:\/\/www.tanzschulepeterhansl.de\/v4\/wp-json\/wp\/v2\/pages\/66\/revisions"}],"predecessor-version":[{"id":936,"href":"https:\/\/www.tanzschulepeterhansl.de\/v4\/wp-json\/wp\/v2\/pages\/66\/revisions\/936"}],"wp:attachment":[{"href":"https:\/\/www.tanzschulepeterhansl.de\/v4\/wp-json\/wp\/v2\/media?parent=66"}],"curies":[{"name":"wp","href":"https:\/\/api.w.org\/{rel}","templated":true}]}}