{"id":550,"date":"2019-04-05T23:37:12","date_gmt":"2019-04-05T21:37:12","guid":{"rendered":"http:\/\/www.tanzschulepeterhansl.de\/v4\/?page_id=550"},"modified":"2025-12-10T16:56:50","modified_gmt":"2025-12-10T15:56:50","slug":"trainer","status":"publish","type":"page","link":"https:\/\/www.tanzschulepeterhansl.de\/v4\/ueber-uns\/trainer\/","title":{"rendered":"Trainer"},"content":{"rendered":"<p><strong>&#8222;Buddy&#8220; &#8211; Florian M. G. Erhart<br \/>\n<\/strong><\/p>\n<p>Tanzlehrer f\u00fcr Standard und Latein, Tango Argentino, West Coast Swing, Discofox und historische T\u00e4nze. Buddy unterrichtet seit vielen Jahren und leitet die Tanzschule Peterhansl. Er hat das Tanzen noch von der Senior-Chefin, der ehemaligen Wigmann-Sch\u00fclerin &#8222;Gisela Fiori&#8220; gelernt. Bei einer vielzahl von Fortbildungen, Workshops und Privatstunden bei Top-Trainern konnte er sein Wissen und K\u00f6nnen erweitern.\u00a0 Seine gro\u00dfe Leidenschaft sind die Standardt\u00e4nze und der Tango Argentino. Den &#8222;Tango Argentino&#8220; und den &#8222;West Coast Swing&#8220; hat er \u00fcber viele Jahre hinweg von einigen der besten Trainern der Welt erlernt. Im Tango konnte er inzwischen seinen eigenen Stil erarbeiten, welchen er auch unterrichtet. Schon sehr fr\u00fch bemerkte Buddy das Potential des &#8222;West Coast Swing&#8220; und f\u00fchrte diesen Tanz 2008 in das Kursprogramm der Tanzschule Peterhansl ein.<\/p>\n<p><strong>&#8222;Markus&#8220;<\/strong><\/p>\n<p>Trainer und Turniert\u00e4nzer der Super-League f\u00fcr die Lateinamerikanischen T\u00e4nze. Markus studiert unter anderem Bewegungswissenschaft und h\u00e4lt den Sport-Club-Latein.<\/p>\n<p><strong>&#8222;Der Flo&#8220;<\/strong><\/p>\n<p>Trainer f\u00fcr Standard und Latein. Flo hat das Tanzen in der Tanzschule Peterhansl erlernt und sich auf vielen Turnieren seine Sporen verdient. Nach wie vor ist er aktiver Turniert\u00e4nzer. Seine Leidenschaft geh\u00f6rt den Standardt\u00e4nzen.<\/p>\n<p><strong>&#8222;Paddy&#8220;<\/strong><\/p>\n<p>Ausgebildeter Tanz- und Bewegungsp\u00e4dagoge, Erzieher. Trainer f\u00fcr West Coast Swing sowie Standard Und Latein bis Aufbaustufe.<\/p>\n<p><strong>&#8222;Werner und Mich\u00e9le&#8220;<\/strong><\/p>\n<p>Weltmeister Discofox 2022\/23. Werner und Mich\u00e9le unterrichten den Discofox Club am Sonntag.<\/p>\n","protected":false},"excerpt":{"rendered":"<p>&#8222;Buddy&#8220; &#8211; Florian M. G. Erhart Tanzlehrer f\u00fcr Standard und Latein, Tango Argentino, West Coast Swing, Discofox und historische T\u00e4nze. Buddy unterrichtet seit vielen Jahren und leitet die Tanzschule Peterhansl. Er hat das Tanzen noch von der Senior-Chefin, der ehemaligen Wigmann-Sch\u00fclerin &#8222;Gisela Fiori&#8220; gelernt. Bei einer vielzahl von Fortbildungen, Workshops und Privatstunden bei Top-Trainern konnte<\/p>\n<p><a href=\"https:\/\/www.tanzschulepeterhansl.de\/v4\/ueber-uns\/trainer\/\" class=\"read-more\">weiterlesen &rarr;<\/a><\/p>\n","protected":false},"author":2,"featured_media":0,"parent":547,"menu_order":0,"comment_status":"closed","ping_status":"closed","template":"","meta":{"footnotes":""},"class_list":["post-550","page","type-page","status-publish","hentry"],"_links":{"self":[{"href":"https:\/\/www.tanzschulepeterhansl.de\/v4\/wp-json\/wp\/v2\/pages\/550","targetHints":{"allow":["GET"]}}],"collection":[{"href":"https:\/\/www.tanzschulepeterhansl.de\/v4\/wp-json\/wp\/v2\/pages"}],"about":[{"href":"https:\/\/www.tanzschulepeterhansl.de\/v4\/wp-json\/wp\/v2\/types\/page"}],"author":[{"embeddable":true,"href":"https:\/\/www.tanzschulepeterhansl.de\/v4\/wp-json\/wp\/v2\/users\/2"}],"replies":[{"embeddable":true,"href":"https:\/\/www.tanzschulepeterhansl.de\/v4\/wp-json\/wp\/v2\/comments?post=550"}],"version-history":[{"count":17,"href":"https:\/\/www.tanzschulepeterhansl.de\/v4\/wp-json\/wp\/v2\/pages\/550\/revisions"}],"predecessor-version":[{"id":1432,"href":"https:\/\/www.tanzschulepeterhansl.de\/v4\/wp-json\/wp\/v2\/pages\/550\/revisions\/1432"}],"up":[{"embeddable":true,"href":"https:\/\/www.tanzschulepeterhansl.de\/v4\/wp-json\/wp\/v2\/pages\/547"}],"wp:attachment":[{"href":"https:\/\/www.tanzschulepeterhansl.de\/v4\/wp-json\/wp\/v2\/media?parent=550"}],"curies":[{"name":"wp","href":"https:\/\/api.w.org\/{rel}","templated":true}]}}