{"id":532,"date":"2019-04-05T21:37:19","date_gmt":"2019-04-05T19:37:19","guid":{"rendered":"http:\/\/www.tanzschulepeterhansl.de\/v4\/?page_id=532"},"modified":"2025-12-10T17:53:35","modified_gmt":"2025-12-10T16:53:35","slug":"privatstunden","status":"publish","type":"page","link":"https:\/\/www.tanzschulepeterhansl.de\/v4\/kurse\/privatstunden\/","title":{"rendered":"Privatstunden"},"content":{"rendered":"<p>Wenn Sie Interesse an einer Privatstunde haben, dann schreiben Sie uns bitte eine kurze E-Mail mit Ihrem Anliegen, bei Bedarf auch Ihren Wunschtrainer. Eine Privatstunde dauert 60 Minuten und kostet 80,- \u20ac pro Paar. Generell sind Privatstunden bei uns m\u00f6glich:<\/p>\n<p><span style=\"color: #ff0000;\"><strong>!!! Bitte kl\u00e4ren Sie mit uns erst den Termin und buchen Sie danach! F\u00fcr eine genaue Terminabsprache kontaktieren Sie uns bitte telefonisch unter:<\/strong> <\/span><\/p>\n<p>0871 \/ 2 16 41 (T\u00e4glich ab 18:00 Uhr)<\/p>\n<p>&nbsp;<\/p>\n<h1>Privatstunde kostenpflichtig buchen!<\/h1>\n<table class=\"table table-condensed\"><thead><tr><th>Kurs\/Veranstaltung<\/th><th>Beginn<\/th><th>Dauer<\/th><th>Preis<\/th><th>Optionen<\/th><\/tr><\/thead><tbody><tr><td>Privatstunde f\u00fcr ein Paar<\/td><td>-<\/td><td>60 Minuten<\/td><td>80 Euro  (pro 2 Personen)<\/td><td><form name=\"scmRegister_225\" action=\"?action=register\" method=\"post\"><select name=\"scmPersons\"><option value=\"1\">1<\/option><option value=\"2\">2<\/option><\/select> Person(en)<input type=\"hidden\" value=\"225\" name=\"scmID\" \/><input type=\"hidden\" value=\"Privatstunde f\u00fcr ein Paar\" name=\"scmCourse\" \/><input type=\"hidden\" value=\"Le Bal\" name=\"scmLocation\" \/><input type=\"hidden\" value=\"-\" name=\"scmStart\" \/><input type=\"hidden\" value=\"97\" name=\"scmLimit\" \/><input type=\"hidden\" value=\"80\" name=\"scmPrice\" \/><input type=\"hidden\" value=\"3655a93b84\" name=\"scmCheck\" \/>&nbsp;<input type=\"submit\" value=\"anmelden\" name=\"scmSubmit\" \/><\/form><\/td><\/tr><\/tbody><\/table>\n","protected":false},"excerpt":{"rendered":"<p>Wenn Sie Interesse an einer Privatstunde haben, dann schreiben Sie uns bitte eine kurze E-Mail mit Ihrem Anliegen, bei Bedarf auch Ihren Wunschtrainer. Eine Privatstunde dauert 60 Minuten und kostet 80,- \u20ac pro Paar. Generell sind Privatstunden bei uns m\u00f6glich: !!! Bitte kl\u00e4ren Sie mit uns erst den Termin und buchen Sie danach! F\u00fcr eine<\/p>\n<p><a href=\"https:\/\/www.tanzschulepeterhansl.de\/v4\/kurse\/privatstunden\/\" class=\"read-more\">weiterlesen &rarr;<\/a><\/p>\n","protected":false},"author":2,"featured_media":0,"parent":4,"menu_order":0,"comment_status":"closed","ping_status":"closed","template":"","meta":{"footnotes":""},"class_list":["post-532","page","type-page","status-publish","hentry"],"_links":{"self":[{"href":"https:\/\/www.tanzschulepeterhansl.de\/v4\/wp-json\/wp\/v2\/pages\/532","targetHints":{"allow":["GET"]}}],"collection":[{"href":"https:\/\/www.tanzschulepeterhansl.de\/v4\/wp-json\/wp\/v2\/pages"}],"about":[{"href":"https:\/\/www.tanzschulepeterhansl.de\/v4\/wp-json\/wp\/v2\/types\/page"}],"author":[{"embeddable":true,"href":"https:\/\/www.tanzschulepeterhansl.de\/v4\/wp-json\/wp\/v2\/users\/2"}],"replies":[{"embeddable":true,"href":"https:\/\/www.tanzschulepeterhansl.de\/v4\/wp-json\/wp\/v2\/comments?post=532"}],"version-history":[{"count":9,"href":"https:\/\/www.tanzschulepeterhansl.de\/v4\/wp-json\/wp\/v2\/pages\/532\/revisions"}],"predecessor-version":[{"id":1442,"href":"https:\/\/www.tanzschulepeterhansl.de\/v4\/wp-json\/wp\/v2\/pages\/532\/revisions\/1442"}],"up":[{"embeddable":true,"href":"https:\/\/www.tanzschulepeterhansl.de\/v4\/wp-json\/wp\/v2\/pages\/4"}],"wp:attachment":[{"href":"https:\/\/www.tanzschulepeterhansl.de\/v4\/wp-json\/wp\/v2\/media?parent=532"}],"curies":[{"name":"wp","href":"https:\/\/api.w.org\/{rel}","templated":true}]}}