{"id":526,"date":"2019-04-05T21:28:05","date_gmt":"2019-04-05T19:28:05","guid":{"rendered":"http:\/\/www.tanzschulepeterhansl.de\/v4\/?page_id=526"},"modified":"2019-04-15T20:44:34","modified_gmt":"2019-04-15T18:44:34","slug":"saloneries","status":"publish","type":"page","link":"https:\/\/www.tanzschulepeterhansl.de\/v4\/saloneries\/","title":{"rendered":"Saloneries"},"content":{"rendered":"<p><img loading=\"lazy\" decoding=\"async\" class=\"size-medium wp-image-535 alignleft\" src=\"https:\/\/www.tanzschulepeterhansl.de\/v4\/wp-content\/uploads\/2019\/04\/Saloneries-200x300.jpg\" alt=\"\" width=\"200\" height=\"300\" srcset=\"https:\/\/www.tanzschulepeterhansl.de\/v4\/wp-content\/uploads\/2019\/04\/Saloneries-200x300.jpg 200w, https:\/\/www.tanzschulepeterhansl.de\/v4\/wp-content\/uploads\/2019\/04\/Saloneries-768x1152.jpg 768w, https:\/\/www.tanzschulepeterhansl.de\/v4\/wp-content\/uploads\/2019\/04\/Saloneries-683x1024.jpg 683w\" sizes=\"auto, (max-width: 200px) 100vw, 200px\" \/> M\u00f6chten Sie \u00fcber 50 bis 100 Leute einladen, Gastgeber sein in einem exklusiven Rahmen?<\/p>\n<p>Wir stellen Ihnen gerne unseren sch\u00f6nen, historischen Saal und unsere Foyer-Bar zur Verf\u00fcgung, wenn Sie etwas zu Feiern haben, und wir erarbeiten mit Ihnen zusammen Ihr ganz pers\u00f6nliches Konzept.<\/p>\n<p>Wenn Sie ein &#8222;Picknick-Buffet&#8220; planen, zu dem jeder Gast etwas beisteuern soll &#8211; wir haben das Geschirr, die Tischw\u00e4sche und sorgen f\u00fcr die Getr\u00e4nke! Wenn Sie einen Wein von Ihrem speziellen Winzer mitbringen wollen &#8211; bitte! Oder vielleicht m\u00f6chten Sie sich von einem bestimmten Party-Service beliefern lassen &#8211; auch das geht! Wir beraten Sie gerne und k\u00f6nnen Ihnen auch einige gute Caterer empfehlen.<\/p>\n<p>Unsere Getr\u00e4nkeauswahl ist vielf\u00e4ltig und unser Team wird Sie freundlich umsorgen. Wenn Sie Musik brauchen &#8211; live oder einen guten DJ &#8211; auch darum k\u00fcmmern wir uns. Wir vermitteln Ihnen auch T\u00e4nzer, Schauspieler oder Kabarettisten f\u00fcr k\u00fcnstlerische Einlagen.<\/p>\n<p>Sprechen Sie einfach mit uns &#8211; wir machen Ihnen gerne unser Angebot. Wenden Sie sich bitte rechtzeitig an uns. Eine Vorlaufzeit von mindestens 6 Monaten ist sinnvoll!<\/p>\n<p>&nbsp;<\/p>\n<p><strong>G\u00e4ste-Resonanzen:<\/strong><\/p>\n<p>&#8222;Wurden selten so gut umsorgt.&#8220; &#8222;Man merkt, dass die jungen Leute Spa\u00df an der Arbeit haben.&#8220; &#8222;Freundlich und schnell.&#8220; &#8222;Aufmerksam und gescheit.&#8220; &#8222;Auch bei Sonderw\u00fcnschen flexibel.&#8220; &#8222;F\u00fchlten uns wie in einer Familie mit besonders netten und schon gro\u00dfen Kindern.&#8220;<\/p>\n","protected":false},"excerpt":{"rendered":"<p>M\u00f6chten Sie \u00fcber 50 bis 100 Leute einladen, Gastgeber sein in einem exklusiven Rahmen? Wir stellen Ihnen gerne unseren sch\u00f6nen, historischen Saal und unsere Foyer-Bar zur Verf\u00fcgung, wenn Sie etwas zu Feiern haben, und wir erarbeiten mit Ihnen zusammen Ihr ganz pers\u00f6nliches Konzept. Wenn Sie ein &#8222;Picknick-Buffet&#8220; planen, zu dem jeder Gast etwas beisteuern soll<\/p>\n<p><a href=\"https:\/\/www.tanzschulepeterhansl.de\/v4\/saloneries\/\" class=\"read-more\">weiterlesen &rarr;<\/a><\/p>\n","protected":false},"author":2,"featured_media":0,"parent":0,"menu_order":0,"comment_status":"closed","ping_status":"closed","template":"","meta":{"footnotes":""},"class_list":["post-526","page","type-page","status-publish","hentry"],"_links":{"self":[{"href":"https:\/\/www.tanzschulepeterhansl.de\/v4\/wp-json\/wp\/v2\/pages\/526","targetHints":{"allow":["GET"]}}],"collection":[{"href":"https:\/\/www.tanzschulepeterhansl.de\/v4\/wp-json\/wp\/v2\/pages"}],"about":[{"href":"https:\/\/www.tanzschulepeterhansl.de\/v4\/wp-json\/wp\/v2\/types\/page"}],"author":[{"embeddable":true,"href":"https:\/\/www.tanzschulepeterhansl.de\/v4\/wp-json\/wp\/v2\/users\/2"}],"replies":[{"embeddable":true,"href":"https:\/\/www.tanzschulepeterhansl.de\/v4\/wp-json\/wp\/v2\/comments?post=526"}],"version-history":[{"count":6,"href":"https:\/\/www.tanzschulepeterhansl.de\/v4\/wp-json\/wp\/v2\/pages\/526\/revisions"}],"predecessor-version":[{"id":586,"href":"https:\/\/www.tanzschulepeterhansl.de\/v4\/wp-json\/wp\/v2\/pages\/526\/revisions\/586"}],"wp:attachment":[{"href":"https:\/\/www.tanzschulepeterhansl.de\/v4\/wp-json\/wp\/v2\/media?parent=526"}],"curies":[{"name":"wp","href":"https:\/\/api.w.org\/{rel}","templated":true}]}}