{"id":508,"date":"2019-04-05T20:48:04","date_gmt":"2019-04-05T18:48:04","guid":{"rendered":"http:\/\/www.tanzschulepeterhansl.de\/v4\/?page_id=508"},"modified":"2025-12-10T17:11:01","modified_gmt":"2025-12-10T16:11:01","slug":"turniere","status":"publish","type":"page","link":"https:\/\/www.tanzschulepeterhansl.de\/v4\/le-bal-club-2\/turniere\/","title":{"rendered":"Turniere"},"content":{"rendered":"<p>Jede Sportart hat nat\u00fcrlich auch seinen Turnierbereich. Als Gr\u00fcndungsmitglied des BDT h\u00e4lt sich unsere Tanzschule an die Turnierordnung des DAT und dar\u00fcber hinaus an die Ordnung der WDC-AL bzw. WDC. Die Teilnahme an einem Turnier macht Spa\u00df und dient als Leistungsvergleich. Ein Turnier gliedert sich in verschiedene Leistungsklassen und Altersklassen. Hier eine kurze Beschreibung in aufsteigender Reihenfolge:<\/p>\n<p><strong>Altersklassen:<\/strong> bis einschl. 15 Jahre, bis einschl. 18 Jahre, bis einschl. 25 Jahre, bis einschl. 35 Jahre, bis einschl. 47 Jahre, bis einschl. 59 Jahre, ab 60 Jahre<\/p>\n<p><strong>Leistungsklassen:<\/strong> HobbyLeague &#8211; C, B, A, M \/ Rising Star &#8211; C, B, A, M \/ SupaLeague &#8211; C, B, A, M (Bei Bedarf werden mehr Leistungsklassen pro Liga hinzugef\u00fcgt &#8222;D, E, F, &#8230;&#8220;)<\/p>\n<p><strong><span style=\"color: #800000;\">!!! Die genaue Turnierordnung des DAT im BDT findet Ihr im Downloadbereich !!!<\/span><\/strong><\/p>\n<p><strong>Turniertermine 2026:<\/strong><\/p>\n<p>09.05.2026 Hessencup 2026 Std. &amp; lat. &#8211; <b>Saalbau Stadthalle Zeilsheim, <\/b>Bechtenwaldstra\u00dfe 17, 65931 Frankfurt am Main<\/p>\n<p>09.05.2026 Hessencup 2026 Discofox &#8211; <b>Saalbau Stadthalle Zeilsheim, <\/b>Bechtenwaldstra\u00dfe 17, 65931 Frankfurt am Main<\/p>\n<p>16.05.2026 DAT &#8211; Deutsche Meisterschaft &#8211; <b>Astoria Halle Walldorf, <\/b>Schwetzinger Str. 91, 69190 Walldorf<\/p>\n<p>24.05.2026 46. ITE Europacup &#8211; <b>Tanzschule Thorsten &amp; Olaf Schrock-Opitz, <\/b>Hoheellernweg 55, 26789 Leer<\/p>\n<p>30.05.2026 Sachsencup der Tanzschule Richter &#8211; <b>Parkettsaal Speiseservice Schneider, <\/b>Berthelsdorfer Str. 8, 09618 Brand-Erbisdorf<\/p>\n<p>05.09.2026 Offene DAT Landesmeisterschaft Th\u00fcringen &#8211; <b>Volkshaus Meiningen, <\/b>Landsberger Str. 1, 98617 Meiningen<\/p>\n<p>&nbsp;<\/p>\n<p><span style=\"color: #800000;\">!!! F\u00fcr weitere Termine schaut auf den Turnierkalender des DAT !!!<\/span><\/p>\n","protected":false},"excerpt":{"rendered":"<p>Jede Sportart hat nat\u00fcrlich auch seinen Turnierbereich. Als Gr\u00fcndungsmitglied des BDT h\u00e4lt sich unsere Tanzschule an die Turnierordnung des DAT und dar\u00fcber hinaus an die Ordnung der WDC-AL bzw. WDC. Die Teilnahme an einem Turnier macht Spa\u00df und dient als Leistungsvergleich. Ein Turnier gliedert sich in verschiedene Leistungsklassen und Altersklassen. Hier eine kurze Beschreibung in<\/p>\n<p><a href=\"https:\/\/www.tanzschulepeterhansl.de\/v4\/le-bal-club-2\/turniere\/\" class=\"read-more\">weiterlesen &rarr;<\/a><\/p>\n","protected":false},"author":2,"featured_media":0,"parent":505,"menu_order":0,"comment_status":"closed","ping_status":"closed","template":"","meta":{"footnotes":""},"class_list":["post-508","page","type-page","status-publish","hentry"],"_links":{"self":[{"href":"https:\/\/www.tanzschulepeterhansl.de\/v4\/wp-json\/wp\/v2\/pages\/508","targetHints":{"allow":["GET"]}}],"collection":[{"href":"https:\/\/www.tanzschulepeterhansl.de\/v4\/wp-json\/wp\/v2\/pages"}],"about":[{"href":"https:\/\/www.tanzschulepeterhansl.de\/v4\/wp-json\/wp\/v2\/types\/page"}],"author":[{"embeddable":true,"href":"https:\/\/www.tanzschulepeterhansl.de\/v4\/wp-json\/wp\/v2\/users\/2"}],"replies":[{"embeddable":true,"href":"https:\/\/www.tanzschulepeterhansl.de\/v4\/wp-json\/wp\/v2\/comments?post=508"}],"version-history":[{"count":18,"href":"https:\/\/www.tanzschulepeterhansl.de\/v4\/wp-json\/wp\/v2\/pages\/508\/revisions"}],"predecessor-version":[{"id":1435,"href":"https:\/\/www.tanzschulepeterhansl.de\/v4\/wp-json\/wp\/v2\/pages\/508\/revisions\/1435"}],"up":[{"embeddable":true,"href":"https:\/\/www.tanzschulepeterhansl.de\/v4\/wp-json\/wp\/v2\/pages\/505"}],"wp:attachment":[{"href":"https:\/\/www.tanzschulepeterhansl.de\/v4\/wp-json\/wp\/v2\/media?parent=508"}],"curies":[{"name":"wp","href":"https:\/\/api.w.org\/{rel}","templated":true}]}}