{"id":408,"date":"2019-02-09T17:23:27","date_gmt":"2019-02-09T16:23:27","guid":{"rendered":"http:\/\/www.tanzschulepeterhansl.de\/v4\/?page_id=408"},"modified":"2021-06-07T22:09:46","modified_gmt":"2021-06-07T20:09:46","slug":"senioren","status":"publish","type":"page","link":"https:\/\/www.tanzschulepeterhansl.de\/v4\/kurse\/senioren\/","title":{"rendered":"Senioren"},"content":{"rendered":"<h1>Senioren<\/h1>\n<p>Tanzen h\u00e4lt jung und fit! Mit einem Mindestalter von 60 Jahren haben Sie die M\u00f6glichkeit in unserem Seniorenkreis zu tanzen. In einer sehr geselligen Runde erlernen Sie alles, was das T\u00e4nzerherz begehrt. Eine lockere Atmosph\u00e4re und viel Humor machen den abendlichen Seniorenkreis zu einem ganz besonderen Vergn\u00fcgen. Gelegentliche Restaurantbesuche und Gespr\u00e4chsrunden erg\u00e4nzen in diesem Kurs das Programm.<\/p>\n<p>Tipp: Besuchen Sie erst einen <a href=\"https:\/\/www.tanzschulepeterhansl.de\/v4\/kurse\/erwachsene\/\">Grundkurs<\/a>.<\/p>\n<h1>Anmeldung<\/h1>\n<table class=\"table table-condensed\"><thead><tr><th>Kurs\/Veranstaltung<\/th><th>Beginn<\/th><th>Dauer<\/th><th>Preis<\/th><th>Optionen<\/th><\/tr><\/thead><tbody><tr><td>Tanzkreis 60 +<\/td><td>Di. 18:00 Uhr<\/td><td>lfd.<\/td><td>49 Euro  (pro Person\/Monat (Club))<\/td><td><form name=\"scmRegister_210\" action=\"?action=register\" method=\"post\"><select name=\"scmPersons\"><option value=\"1\">1<\/option><option value=\"2\">2<\/option><\/select> Person(en)<input type=\"hidden\" value=\"210\" name=\"scmID\" \/><input type=\"hidden\" value=\"Tanzkreis 60 +\" name=\"scmCourse\" \/><input type=\"hidden\" value=\"Le Bal\" name=\"scmLocation\" \/><input type=\"hidden\" value=\"Di. 18:00 Uhr\" name=\"scmStart\" \/><input type=\"hidden\" value=\"20\" name=\"scmLimit\" \/><input type=\"hidden\" value=\"49\" name=\"scmPrice\" \/><input type=\"hidden\" value=\"e95efd8f63\" name=\"scmCheck\" \/>&nbsp;<input type=\"submit\" value=\"anmelden\" name=\"scmSubmit\" \/><\/form><\/td><\/tr><tr><td>Tanzkreis 60 +<\/td><td>Mo. 18:30 Uhr<\/td><td>lfd<\/td><td>49 Euro  (pro Person \/ Monat \/ Club)<\/td><td><form name=\"scmRegister_220\" action=\"?action=register\" method=\"post\"><select name=\"scmPersons\"><option value=\"1\">1<\/option><option value=\"2\">2<\/option><\/select> Person(en)<input type=\"hidden\" value=\"220\" name=\"scmID\" \/><input type=\"hidden\" value=\"Tanzkreis 60 +\" name=\"scmCourse\" \/><input type=\"hidden\" value=\"Le Bal\" name=\"scmLocation\" \/><input type=\"hidden\" value=\"Mo. 18:30 Uhr\" name=\"scmStart\" \/><input type=\"hidden\" value=\"20\" name=\"scmLimit\" \/><input type=\"hidden\" value=\"49\" name=\"scmPrice\" \/><input type=\"hidden\" value=\"70d5909775\" name=\"scmCheck\" \/>&nbsp;<input type=\"submit\" value=\"anmelden\" name=\"scmSubmit\" \/><\/form><\/td><\/tr><\/tbody><\/table>\n","protected":false},"excerpt":{"rendered":"<p>Senioren Tanzen h\u00e4lt jung und fit! Mit einem Mindestalter von 60 Jahren haben Sie die M\u00f6glichkeit in unserem Seniorenkreis zu tanzen. In einer sehr geselligen Runde erlernen Sie alles, was das T\u00e4nzerherz begehrt. Eine lockere Atmosph\u00e4re und viel Humor machen den abendlichen Seniorenkreis zu einem ganz besonderen Vergn\u00fcgen. Gelegentliche Restaurantbesuche und Gespr\u00e4chsrunden erg\u00e4nzen in diesem<\/p>\n<p><a href=\"https:\/\/www.tanzschulepeterhansl.de\/v4\/kurse\/senioren\/\" class=\"read-more\">weiterlesen &rarr;<\/a><\/p>\n","protected":false},"author":3,"featured_media":417,"parent":4,"menu_order":0,"comment_status":"closed","ping_status":"closed","template":"","meta":{"footnotes":""},"class_list":["post-408","page","type-page","status-publish","has-post-thumbnail","hentry","has_thumb"],"_links":{"self":[{"href":"https:\/\/www.tanzschulepeterhansl.de\/v4\/wp-json\/wp\/v2\/pages\/408","targetHints":{"allow":["GET"]}}],"collection":[{"href":"https:\/\/www.tanzschulepeterhansl.de\/v4\/wp-json\/wp\/v2\/pages"}],"about":[{"href":"https:\/\/www.tanzschulepeterhansl.de\/v4\/wp-json\/wp\/v2\/types\/page"}],"author":[{"embeddable":true,"href":"https:\/\/www.tanzschulepeterhansl.de\/v4\/wp-json\/wp\/v2\/users\/3"}],"replies":[{"embeddable":true,"href":"https:\/\/www.tanzschulepeterhansl.de\/v4\/wp-json\/wp\/v2\/comments?post=408"}],"version-history":[{"count":6,"href":"https:\/\/www.tanzschulepeterhansl.de\/v4\/wp-json\/wp\/v2\/pages\/408\/revisions"}],"predecessor-version":[{"id":825,"href":"https:\/\/www.tanzschulepeterhansl.de\/v4\/wp-json\/wp\/v2\/pages\/408\/revisions\/825"}],"up":[{"embeddable":true,"href":"https:\/\/www.tanzschulepeterhansl.de\/v4\/wp-json\/wp\/v2\/pages\/4"}],"wp:featuredmedia":[{"embeddable":true,"href":"https:\/\/www.tanzschulepeterhansl.de\/v4\/wp-json\/wp\/v2\/media\/417"}],"wp:attachment":[{"href":"https:\/\/www.tanzschulepeterhansl.de\/v4\/wp-json\/wp\/v2\/media?parent=408"}],"curies":[{"name":"wp","href":"https:\/\/api.w.org\/{rel}","templated":true}]}}