{"id":40,"date":"2015-08-08T13:21:52","date_gmt":"2015-08-08T11:21:52","guid":{"rendered":"http:\/\/www.tanzschulepeterhansl.de\/v4\/?page_id=40"},"modified":"2026-02-23T17:18:48","modified_gmt":"2026-02-23T16:18:48","slug":"home","status":"publish","type":"page","link":"https:\/\/www.tanzschulepeterhansl.de\/v4\/","title":{"rendered":"Home"},"content":{"rendered":"<h1>Neuigkeiten<\/h1>\n<p><span style=\"color: #ff0000;\"><strong>!!! Die Anmeldung f\u00fcr die Jugendkurse im Sommer 2026 (Staatl. Realschule Landshut, Staatl. Realschule Ergolding, Ursulinen Realschule) l\u00e4uft <\/strong><\/span><span style=\"color: #ff0000;\"><strong>!!! W\u00e4hlen Sie &#8222;Kurse\/Jugendliche\/Grundkurs&#8220;<\/strong><\/span><\/p>\n<div class=\"row-fluid\"><div class=\"span4\"><h2>Schulkurse 2026<\/h2><p><span style=\"color: #800000;\"><strong>\"Wer hat wann?\"<\/strong><\/span><\/p>\n<p><img loading=\"lazy\" decoding=\"async\" class=\"alignleft size-medium wp-image-315\" src=\"http:\/\/www.tanzschulepeterhansl.de\/v4\/wp-content\/uploads\/2015\/08\/Titelblatt_Jugend-300x211.jpg\" alt=\"\" width=\"300\" height=\"211\" srcset=\"https:\/\/www.tanzschulepeterhansl.de\/v4\/wp-content\/uploads\/2015\/08\/Titelblatt_Jugend-300x211.jpg 300w, https:\/\/www.tanzschulepeterhansl.de\/v4\/wp-content\/uploads\/2015\/08\/Titelblatt_Jugend-768x541.jpg 768w, https:\/\/www.tanzschulepeterhansl.de\/v4\/wp-content\/uploads\/2015\/08\/Titelblatt_Jugend-1024x722.jpg 1024w\" sizes=\"auto, (max-width: 300px) 100vw, 300px\" \/><br \/>Im Fr\u00fchjahrs-Trimester (nach den Weihnachtsferien): <strong>Hans-Leinberger-Gym.<\/strong><span style=\"float: none; background-color: transparent; cursor: text; font-family: Georgia, 'Times New Roman', 'Bitstream Charter', Times, serif; font-size: 16px; font-style: normal; font-variant: normal; letter-spacing: normal; orphans: 2; text-align: left; text-decoration: none; text-indent: 0px; text-transform: none; -webkit-text-stroke-width: 0px; white-space: normal; word-spacing: 0px; display: inline !important;\"> zusammen mit <strong>Gymnasium Ergolding<\/strong> und den <strong>Wirtschaftsschulen<\/strong>. Starttermin ist die Kalenderwoche 2<\/span><\/p>\n<p><strong><span style=\"color: #ff0000;\">I<span style=\"float: none; background-color: transparent; cursor: text; font-family: Georgia, 'Times New Roman', 'Bitstream Charter', Times, serif; font-size: 16px; font-style: normal; font-variant: normal; letter-spacing: normal; text-align: left; text-decoration: none; text-indent: 0px; text-transform: none; -webkit-text-stroke-width: 0px; white-space: normal; word-spacing: 0px; display: inline !important;\">m Sommer-Trimester (nach den Osterferien): <\/span>Staatliche Realschule Landshut, Staatliche Realschule Ergolding und Ursulinen. Starttermin ist die Kalenderwoche 16<\/span><\/strong>\u00a0<span style=\"color: #ff0000;\"><strong><br \/><\/strong><\/span><\/p>\n<p><span style=\"color: #000000;\">I<span style=\"float: none; background-color: transparent; cursor: text; font-family: Georgia, 'Times New Roman', 'Bitstream Charter', Times, serif; font-size: 16px; font-style: normal; font-variant: normal; letter-spacing: normal; text-align: left; text-decoration: none; text-indent: 0px; text-transform: none; -webkit-text-stroke-width: 0px; white-space: normal; word-spacing: 0px; display: inline !important;\">m Herbsttrimester (nach den Sommerferien)<\/span><span style=\"float: none; background-color: transparent; cursor: text; font-family: Georgia, 'Times New Roman', 'Bitstream Charter', Times, serif; font-size: 16px; font-style: normal; font-variant: normal; letter-spacing: normal; text-align: left; text-decoration: none; text-indent: 0px; text-transform: none; -webkit-text-stroke-width: 0px; white-space: normal; word-spacing: 0px; display: inline !important;\">: <\/span>Hans-Carossa-Gymnasium, Gym. Seligenthal und die MS Sch\u00f6nbrunn. Starttermin ist die Kalenderwoche 39<\/span><\/p>\n<p><!-- wp:paragraph --><\/p>\n<p>&nbsp;<\/p>\n<p><!-- \/wp:paragraph --><\/p>\n<\/div><div class=\"span4\"><h2>Tanzparty's<\/h2><p><span style=\"color: #800000;\"><strong>\u00a0<\/strong><\/span><\/p>\n<p><span style=\"color: #002800;\"><b>Die Tanz-Flat !!!<\/b> F\u00fcr nur \u20ac 14,- pro Person und Monat k\u00f6nnt Ihr alle unsere Tanzparty's frei nutzen. Zus\u00e4tzlich profitiert Ihr auch von einem lohnenswertem Rabatt auf unsere Ballkarten.<\/span><\/p>\n<p>&nbsp;<\/p>\n<p><span style=\"color: #993300;\"><strong>TANZPARTY Erwachsene<\/strong><span style=\"color: #000000;\"> Freitag 17.04.2026<\/span><\/span>\u00a0ab 21:00 Uhr bis 24:00 Uhr<\/p>\n<p><span style=\"color: #993300;\"><strong>TANZPARTY Jugendliche <\/strong><\/span>Samstag 18.04.2026 ab 20:00 Uhr bis 24:00 Uhr<\/p>\n<p><span style=\"color: #993300;\"><strong>TANZPARTY Erwachsene<\/strong><span style=\"color: #000000;\"> Freitag 24.04.2026<\/span><\/span>\u00a0ab 21:00 Uhr bis 24:00 Uhr<\/p>\n<p><span style=\"color: #993300;\"><strong>TANZPARTY Jugendliche <\/strong><\/span>Samstag 25.04.2026 ab 20:00 Uhr bis 24:00 Uhr<\/p>\n<p><span style=\"color: #993300;\"><strong>TANZPARTY Jugendliche <\/strong><\/span>Samstag 02.05.2026 ab 20:00 Uhr bis 24:00 Uhr<\/p>\n<p><span style=\"color: #993300;\"><strong>TANZPARTY Erwachsene<\/strong><span style=\"color: #000000;\"> Freitag 08.05.2026<\/span><\/span>\u00a0ab 21:00 Uhr bis 24:00 Uhr<\/p>\n<p><span style=\"color: #993300;\"><strong>TANZPARTY Jugendliche <\/strong><\/span>Samstag 09.05.2026 ab 20:00 Uhr bis 24:00 Uhr<\/p>\n<p><span style=\"color: #993300;\"><strong>TANZPARTY Erwachsene<\/strong><span style=\"color: #000000;\"> Freitag 15.05.2026<\/span><\/span>\u00a0ab 21:00 Uhr bis 24:00 Uhr<\/p>\n<p><span style=\"color: #993300;\"><strong>TANZPARTY Jugendliche <\/strong><\/span>Samstag 16.05.2026 ab 20:00 Uhr bis 24:00 Uhr<\/p>\n<p><span style=\"color: #993300;\"><strong>MOTTOPARTY Erw. \"High Noon im Le Bal SALOON\"<\/strong><\/span><span style=\"color: #993300;\"><span style=\"color: #000000;\"> Freitag 22.05.2026<\/span><\/span> ab 20:00 Uhr bis 24:00 Uhr<\/p>\n<p><span style=\"color: #993300;\"><strong>MOTTOPARTY Jug. \"High Noon im Le Bal SALOON\" <\/strong><\/span>Samstag 23.05.2026 ab 20:00 Uhr bis 24:00 Uhr<\/p>\n<p><span style=\"color: #993300;\"><strong>TANZPARTY Erwachsene<\/strong><span style=\"color: #000000;\"> Freitag 05.06.2026<\/span><\/span>\u00a0ab 21:00 Uhr bis 24:00 Uhr<\/p>\n<p><span style=\"color: #993300;\"><strong>TANZPARTY Jugendliche <\/strong><\/span>Samstag 06.06.2026 ab 20:00 Uhr bis 24:00 Uhr<\/p>\n<p><span style=\"color: #993300;\"><strong>TANZPARTY Erwachsene<\/strong><span style=\"color: #000000;\"> Freitag 12.06.2026<\/span><\/span>\u00a0ab 21:00 Uhr bis 24:00 Uhr<\/p>\n<p><span style=\"color: #993300;\"><strong>TANZPARTY Jugendliche <\/strong><\/span>Samstag 13.06.2026 ab 20:00 Uhr bis 24:00 Uhr<\/p>\n<p><span style=\"color: #993300;\"><strong>MOTTOPARTY Erw. \"Beachless Beach Party\" <\/strong><\/span>Freitag 19.06.2026 ab 21:00 Uhr bis 24:00 Uhr<\/p>\n<p><span style=\"color: #993300;\"><strong>MOTTOPARTY Jug. \"Beachless Beach Party\"<\/strong><span style=\"color: #000000;\"> Samstag 20.06.2026<\/span><\/span>\u00a0ab 21:00 Uhr bis 24:00 Uhr<\/p>\n<p><span style=\"color: #993300;\"><strong>TANZPARTY Erwachsene<\/strong><span style=\"color: #000000;\"> Freitag 26.06.2026<\/span><\/span>\u00a0ab 21:00 Uhr bis 24:00 Uhr<\/p>\n<p><span style=\"color: #993300;\"><strong>TANZPARTY Jugendliche <\/strong><\/span>Samstag 27.06.2026 ab 20:00 Uhr bis 24:00 Uhr<\/p>\n<p><span style=\"color: #993300;\"><strong>TANZPARTY Erwachsene<\/strong><span style=\"color: #000000;\"> Freitag 03.07.2026<\/span><\/span>\u00a0ab 21:00 Uhr bis 24:00 Uhr<\/p>\n<p><span style=\"color: #993300;\"><strong>MOTTOPARTY Erw. \"A Journey to the Galaxy\"<\/strong><span style=\"color: #000000;\">\u00a0Freitag 10.07.2026<\/span><\/span>\u00a0ab 21:00 Uhr bis 24:00 Uhr<\/p>\n<p><span style=\"color: #993300;\"><strong>MOTTOPARTY Jug. \"A Journey to the Galaxy\" <\/strong><\/span>Samstag 11.07.2026 ab 20:00 Uhr bis 24:00 Uhr<\/p>\n<p><span style=\"color: #993300;\"><strong>TANZPARTY Erwachsene<\/strong><span style=\"color: #000000;\"> Freitag 17.07.2026<\/span><\/span>\u00a0ab 21:00 Uhr bis 24:00 Uhr<\/p>\n<p><span style=\"color: #993300;\"><strong>ABSCHLUSSPARTY Jugendliche <\/strong><\/span>Samstag 18.07.2026 ab 20:00 Uhr bis 24:00 Uhr<\/p>\n<p><span style=\"color: #993300;\"><strong>ELTERN-Crash-Kurs<\/strong><span style=\"color: #000000;\"> Freitag 24.07.2026<\/span><\/span>\u00a0ab 21:00 Uhr bis 24:00 Uhr<\/p>\n<p><span style=\"color: #993300;\"><strong>TANZPARTY Erwachsene<\/strong><span style=\"color: #000000;\"> Freitag 31.07.2026<\/span><\/span>\u00a0ab 21:00 Uhr bis 24:00 Uhr<\/p>\n<p><span style=\"color: #993300;\"><strong>TANZPARTY Jugendliche <\/strong><\/span>Samstag 01.08.2026 ab 20:00 Uhr bis 24:00 Uhr<\/p>\n<p><span style=\"color: #993300;\"><strong>TANZPARTY Erwachsene<\/strong><span style=\"color: #000000;\"> Freitag 07.08.2026<\/span><\/span>\u00a0ab 21:00 Uhr bis 24:00 Uhr<\/p>\n<p><span style=\"color: #993300;\"><strong>TANZPARTY Jugendliche <\/strong><\/span>Samstag 08.08.2026 ab 20:00 Uhr bis 24:00 Uhr<\/p>\n<\/div><div class=\"span4\"><h2>\u00d6ffnungszeiten<\/h2><p>Mo. 14:30-22:30 Uhr<\/p>\n<p>Di. 14:00-22:00 Uhr<\/p>\n<p>Mi. 14:30-22:30 Uhr<\/p>\n<p>Do. 13:30-22:00 Uhr<\/p>\n<p>Freitags von 13:30-24:00 Uhr (Und nach Vereinbarung)<\/p>\n<p>Samstags von 16:15-24:00 Uhr (Und nach Vereinbarung)<\/p>\n<p>Sonntags von 13:45 Uhr-20:30 Uhr (Und nach Vereinbarung)<\/p>\n<p><strong>Telefonisch zu erreichen sind wir, bis auf die Ferienzeiten, t\u00e4glich ab 18:00 Uhr<\/strong><\/p>\n<p><span style=\"color: #ff0000;\"><strong>!Betriebsurlaub vom 10.08.2026 bis einschlie\u00dflich 23.08.2026!<\/strong><\/span><\/p>\n<p><span style=\"color: #ff0000;\"><strong>!Am 1.Mai finden keine Tanzkurse statt!<\/strong><\/span><\/p>\n<p><span style=\"color: #ff0000;\"><strong>!!! An diesen Sonntagen finden KEINE Kursstunden statt: <\/strong><\/span><span style=\"color: #ff0000;\">31.05.2026 (Sonderveranstaltung) \/ 09.08.2026 (Betriebsurlaub) \/ 16.08.2026 (Betriebsurlaub) \/ 01.11.2026 (Stiller Feiertag) \/ 15.11.2026 (Stiller Feiertag) \/ 22.11.2026 Stiller Feiertag) \/ 27.12.2026 (Weihnachtsferien)<\/span><\/p>\n<p>&nbsp;<\/p>\n<h1><em><span style=\"color: #800000;\"><strong>Tango Argentino<\/strong><\/span><\/em><\/h1>\n<ul>\n<li><span style=\"color: #ff0000;\"><b>Sie k\u00f6nnen umgehend mit Ihrem Kurs beginnen! <a href=\"http:\/\/www.tanzschulepeterhansl.de\/v4\/kurse\/spezialkurse\/\">Bitte hier anmelden<\/a>!<\/b><\/span><\/li>\n<\/ul>\n<p><!-- wp:paragraph --><\/p>\n<p>&nbsp;<\/p>\n<p><!-- \/wp:paragraph --><\/p>\n<\/div><\/div>\n<h1>Kursangebot<\/h1>\n<div class=\"row-fluid\"><div class=\"span4 course-tile\"><a href=\"https:\/\/www.tanzschulepeterhansl.de\/v4\/kurse\/erwachsene\"><img decoding=\"async\" src=\"https:\/\/www.tanzschulepeterhansl.de\/v4\/wp-content\/themes\/lebal\/images\/kurse_erw.jpg\" alt=\"Erwachsene\" \/><br \/><strong>Erwachsene<\/strong><\/a><\/div><div class=\"span4 course-tile\"><a href=\"https:\/\/www.tanzschulepeterhansl.de\/v4\/kurse\/jugendliche\"><img decoding=\"async\" src=\"https:\/\/www.tanzschulepeterhansl.de\/v4\/wp-content\/themes\/lebal\/images\/kurse_jug.jpg\" alt=\"Jugendliche\" \/><br \/><strong>Jugendliche<\/strong><\/a><\/div><div class=\"span4 course-tile\"><a href=\"https:\/\/www.tanzschulepeterhansl.de\/v4\/kurse\/spezialkurse\"><img decoding=\"async\" src=\"https:\/\/www.tanzschulepeterhansl.de\/v4\/wp-content\/themes\/lebal\/images\/kurse_spez.jpg\" alt=\"Spezialkurse\" \/><br \/><strong>Spezialkurse<\/strong><\/a><\/div><\/div>\n","protected":false},"excerpt":{"rendered":"<p>Neuigkeiten !!! Die Anmeldung f\u00fcr die Jugendkurse im Sommer 2026 (Staatl. Realschule Landshut, Staatl. Realschule Ergolding, Ursulinen Realschule) l\u00e4uft !!! W\u00e4hlen Sie &#8222;Kurse\/Jugendliche\/Grundkurs&#8220; Kursangebot<\/p>\n","protected":false},"author":1,"featured_media":0,"parent":0,"menu_order":0,"comment_status":"closed","ping_status":"closed","template":"","meta":{"footnotes":""},"class_list":["post-40","page","type-page","status-publish","hentry"],"_links":{"self":[{"href":"https:\/\/www.tanzschulepeterhansl.de\/v4\/wp-json\/wp\/v2\/pages\/40","targetHints":{"allow":["GET"]}}],"collection":[{"href":"https:\/\/www.tanzschulepeterhansl.de\/v4\/wp-json\/wp\/v2\/pages"}],"about":[{"href":"https:\/\/www.tanzschulepeterhansl.de\/v4\/wp-json\/wp\/v2\/types\/page"}],"author":[{"embeddable":true,"href":"https:\/\/www.tanzschulepeterhansl.de\/v4\/wp-json\/wp\/v2\/users\/1"}],"replies":[{"embeddable":true,"href":"https:\/\/www.tanzschulepeterhansl.de\/v4\/wp-json\/wp\/v2\/comments?post=40"}],"version-history":[{"count":161,"href":"https:\/\/www.tanzschulepeterhansl.de\/v4\/wp-json\/wp\/v2\/pages\/40\/revisions"}],"predecessor-version":[{"id":1464,"href":"https:\/\/www.tanzschulepeterhansl.de\/v4\/wp-json\/wp\/v2\/pages\/40\/revisions\/1464"}],"wp:attachment":[{"href":"https:\/\/www.tanzschulepeterhansl.de\/v4\/wp-json\/wp\/v2\/media?parent=40"}],"curies":[{"name":"wp","href":"https:\/\/api.w.org\/{rel}","templated":true}]}}