{"id":396,"date":"2019-02-09T16:45:53","date_gmt":"2019-02-09T15:45:53","guid":{"rendered":"http:\/\/www.tanzschulepeterhansl.de\/v4\/?page_id=396"},"modified":"2025-12-12T13:06:01","modified_gmt":"2025-12-12T12:06:01","slug":"le-bal-club","status":"publish","type":"page","link":"https:\/\/www.tanzschulepeterhansl.de\/v4\/le-bal-club-2\/le-bal-club\/","title":{"rendered":"Der Le Bal Club"},"content":{"rendered":"<h1>Le Bal Club<\/h1>\r\n<p>Der Le Bal Club bietet die Kombination aus Hobby und Freizeitsport! Sich selbst besser kennenlernen, gemeinsam ein Hobby haben, miteinander Zeit verbringen, neue Kontakte kn\u00fcpfen, Freundschaften schlie\u00dfen, Musik bewegen, den eigenen K\u00f6rper flexibel und fit halten, Altersdemenz vorbeugen, einen intensiven Sport betreiben, Spa\u00df haben, \u2026<br \/>Es gibt eine Vielzahl von Gr\u00fcnden, die daf\u00fcr sprechen, das Tanzen zu erlernen. Bei uns k\u00f6nnen Sie genau das tun. Ob als Hobby \u00fcber die einzelnen Kursstufen hinweg in den Tanzkreis hinein oder im Sport Club weit dar\u00fcber hinaus.<\/p>\r\n<p>Das Trainer-Angebot geht vom Turniert\u00e4nzer \u00fcber den Tanzlehrer bis hin zum internationalen Professional. W\u00f6chentliche Tanzpartys f\u00fcr Erwachsene (freitags) und Jugendliche (samstags), sowie drei festliche B\u00e4lle im Jahr und einige Sonderveranstaltungen geben gen\u00fcgend Raum f\u00fcr Hobby und Freizeitsport.<\/p>\r\n<p>Au\u00dferdem garantiert der Le Bal &#8211; Club auch diverse Rabatte auf Workshops, Ballkarten, etc. .\u00a0<\/p>\r\n<h2><span style=\"color: #3366ff;\"><em><strong>Ab wann gehe ich in den Club?<\/strong><\/em><\/span><\/h2>\r\n<p>Die Le Bal Clubmitgliedschaft ist ab der Aufbaustufe verpflichtend. Manchmal lohnt sie sich aber auch schon davor, wenn man beispielsweise w\u00e4hrend des Grundkurses bereits einen zweiten oder mehr Kurse besuchen m\u00f6chte.<\/p>\r\n<p>Konditionen:<\/p>\r\n<ul>\r\n<li><strong>Le Bal Club Jugendliche<\/strong> (Gesamtes Kursprogramm, 39 \u20ac p.P.\/Monat)<\/li>\r\n<li><strong>Le Bal Club Jugendliche Jahresabo: 1 x j\u00e4hrlich 420,- \u20ac im Voraus<\/strong><\/li>\r\n<li><strong>Le Bal Club Erwachsene<\/strong> (Gesamtes Kursprogramm, 49 \u20ac p.P.\/Monat)<\/li>\r\n<li><strong>Le Bal Club Erwachsene Jahresabo: 1 x j\u00e4hrlich 540,- \u20ac im Voraus<\/strong><\/li>\r\n<li><strong>Tanz-Flat<\/strong> (Beinhaltet nur den freien Eintritt zu allen Tanzpartys, 14 \u20ac p.P.\/Monat)<\/li>\r\n<\/ul>\r\n<p><span style=\"color: #800000;\"><strong>Unser besonderes Angebot:<\/strong><\/span> Wenn Sie keinen Kurs besuchen m\u00f6chten, die Atmosph\u00e4re und das gesellige Beisammensein einer Tanzparty aber nicht missen m\u00f6chten, so gibt es nun die M\u00f6glichkeit, die &#8222;<strong>Tanz-Flat<\/strong>&#8220; zu buchen: F\u00fcr nur 14,- \u20ac im Monat k\u00f6nnen alle Tanzpartys besucht werden. Die Tanz-Flat hat eine Mindestlaufzeit von 3 Monaten und verl\u00e4ngert sich automatisch um jeweils einen Monat. Die Tanz-Flat ist ordentlich und schriftlich k\u00fcndbar jeweils im Vormonat, zum Ende des Folgemonats!<\/p>\r\n<h2><span style=\"color: #3366ff;\"><em><strong>Die AGBs der Le Bal Clubmitgliedschaft:\u00a0<\/strong><\/em><\/span><i><\/i><\/h2>\r\n<ul>\r\n<li><span style=\"color: #000000;\">Der &#8222;Le Bal Club&#8220; hat eine Mindestvertragslaufzeit von 3 Monaten und verl\u00e4ngert sich automatisch um jeweils einen Monat, wenn keine K\u00fcndigung erfolgt. <\/span><\/li>\r\n<li><span style=\"color: #000000;\">Der &#8222;Le Bal Club&#8220; ist ordentlich und schriftlich k\u00fcndbar jeweils im Vormonat, zum Ende des Folgemonats <\/span><span style=\"color: #000000;\">(Nutzen sie das K\u00fcndigungsformular aus dem Downloadbereich).<\/span><\/li>\r\n<li><span style=\"color: #000000;\">Bei einem Wiedereintritt in den &#8222;Le Bal Club&#8220; innerhalb von 3 Monaten nach erfolgter K\u00fcndigung, wird eine Bearbeitungsgeb\u00fchr von einem Monatsbeitrag f\u00e4llig.<\/span><\/li>\r\n<li><span style=\"color: #000000;\">Die Bezahlung der Beitr\u00e4ge erfolgt \u00fcber das <\/span><span style=\"color: #000000;\">SEPA-Lastschriftverfahren. <\/span><\/li>\r\n<li><span style=\"color: #000000;\">Bei Familien ab 3 Personen und in besonderen F\u00e4llen k\u00f6nnen individuelle Absprachen und Konditionen vereinbart werden.<\/span><\/li>\r\n<li><span style=\"color: #000000;\">Die Mitgliedschaft im &#8222;Le Bal Club&#8220; beinhaltet mindestens 36 Kurswochen pro Jahr!<\/span><\/li>\r\n<li><span style=\"color: #000000;\">In den bayerischen Schulferien findet entweder kein oder nur teilweise Unterricht statt. Informationen hierzu werden in den Kursen, per Aushang und auf der Homepage bekannt gegeben.<\/span><\/li>\r\n<li><span style=\"color: #000000;\">Bei zu geringer Teilnehmerzahl behalten wir uns vor, Kurse ausfallen zu lassen, oder ganz aus dem Programm zu streichen!<\/span><\/li>\r\n<\/ul>\r\n\r\n<p>&nbsp;<\/p>\r\n","protected":false},"excerpt":{"rendered":"<p>Le Bal Club Der Le Bal Club bietet die Kombination aus Hobby und Freizeitsport! Sich selbst besser kennenlernen, gemeinsam ein Hobby haben, miteinander Zeit verbringen, neue Kontakte kn\u00fcpfen, Freundschaften schlie\u00dfen, Musik bewegen, den eigenen K\u00f6rper flexibel und fit halten, Altersdemenz vorbeugen, einen intensiven Sport betreiben, Spa\u00df haben, \u2026Es gibt eine Vielzahl von Gr\u00fcnden, die daf\u00fcr<\/p>\n<p><a href=\"https:\/\/www.tanzschulepeterhansl.de\/v4\/le-bal-club-2\/le-bal-club\/\" class=\"read-more\">weiterlesen &rarr;<\/a><\/p>\n","protected":false},"author":3,"featured_media":398,"parent":505,"menu_order":0,"comment_status":"closed","ping_status":"closed","template":"","meta":{"footnotes":""},"class_list":["post-396","page","type-page","status-publish","has-post-thumbnail","hentry","has_thumb"],"_links":{"self":[{"href":"https:\/\/www.tanzschulepeterhansl.de\/v4\/wp-json\/wp\/v2\/pages\/396","targetHints":{"allow":["GET"]}}],"collection":[{"href":"https:\/\/www.tanzschulepeterhansl.de\/v4\/wp-json\/wp\/v2\/pages"}],"about":[{"href":"https:\/\/www.tanzschulepeterhansl.de\/v4\/wp-json\/wp\/v2\/types\/page"}],"author":[{"embeddable":true,"href":"https:\/\/www.tanzschulepeterhansl.de\/v4\/wp-json\/wp\/v2\/users\/3"}],"replies":[{"embeddable":true,"href":"https:\/\/www.tanzschulepeterhansl.de\/v4\/wp-json\/wp\/v2\/comments?post=396"}],"version-history":[{"count":24,"href":"https:\/\/www.tanzschulepeterhansl.de\/v4\/wp-json\/wp\/v2\/pages\/396\/revisions"}],"predecessor-version":[{"id":1458,"href":"https:\/\/www.tanzschulepeterhansl.de\/v4\/wp-json\/wp\/v2\/pages\/396\/revisions\/1458"}],"up":[{"embeddable":true,"href":"https:\/\/www.tanzschulepeterhansl.de\/v4\/wp-json\/wp\/v2\/pages\/505"}],"wp:featuredmedia":[{"embeddable":true,"href":"https:\/\/www.tanzschulepeterhansl.de\/v4\/wp-json\/wp\/v2\/media\/398"}],"wp:attachment":[{"href":"https:\/\/www.tanzschulepeterhansl.de\/v4\/wp-json\/wp\/v2\/media?parent=396"}],"curies":[{"name":"wp","href":"https:\/\/api.w.org\/{rel}","templated":true}]}}