{"id":355,"date":"2018-09-24T17:47:18","date_gmt":"2018-09-24T15:47:18","guid":{"rendered":"http:\/\/www.tanzschulepeterhansl.de\/v4\/?page_id=355"},"modified":"2026-01-05T16:41:30","modified_gmt":"2026-01-05T15:41:30","slug":"veranstaltungskalender","status":"publish","type":"page","link":"https:\/\/www.tanzschulepeterhansl.de\/v4\/veranstaltungskalender\/","title":{"rendered":"Veranstaltungskalender"},"content":{"rendered":"<h1><span style=\"color: #800000;\">Fr\u00fchlingsball 2026<\/span><\/h1>\r\n<p>Samstag 28.03.2026, Einlass 18:00 Uhr; Beginn 20:00 Uhr; Ende 01:00 Uhr in den Stadts\u00e4len Bernlochner<\/p>\r\n<h1>\u00a0<\/h1>\r\n<h1><span style=\"color: #800000;\">Sommerball 2026<\/span><\/h1>\r\n<p>Samstag 25.07.2026, Einlass 18:00 Uhr; Beginn 20:00 Uhr; Ende 01:00 Uhr in den Stadts\u00e4len Bernlochner<\/p>\r\n<h1>\u00a0<\/h1>\r\n<h1><span style=\"color: #0000ff;\">Nacht der blauen Wunder<\/span><\/h1>\r\n<p>Am 07.11.2026 ist es wieder so weit. Auch das Le Bal ist wieder Teilnehmend!<\/p>\r\n<h1>\u00a0<\/h1>\r\n<h1><span style=\"color: #800000;\">ALLOTRIA &#8211; Jazzband<\/span><\/h1>\r\n<p><img loading=\"lazy\" decoding=\"async\" class=\"alignnone size-medium wp-image-195\" src=\"https:\/\/www.tanzschulepeterhansl.de\/v4\/wp-content\/uploads\/2016\/11\/allotriajazzband-entre-300x150.png\" alt=\"\" width=\"300\" height=\"150\" srcset=\"https:\/\/www.tanzschulepeterhansl.de\/v4\/wp-content\/uploads\/2016\/11\/allotriajazzband-entre-300x150.png 300w, https:\/\/www.tanzschulepeterhansl.de\/v4\/wp-content\/uploads\/2016\/11\/allotriajazzband-entre.png 760w\" sizes=\"auto, (max-width: 300px) 100vw, 300px\" \/><\/p>\r\n<p>Die ALLOTRIA-Jazzband rund um Ihren Bandleader Dr. Rainer Sander ist eine der profiliertesten Jazzbands in Mitteleuropa. Tradizionell findet allj\u00e4hrlich das Abschlusskonzert der Band im Le Bal in Landshut am Regierungsplatz statt. Nicht nur f\u00fcr Jazzfans, sondern f\u00fcr alle Freunde bester Musik ist die ALLOTRIA-Jazzband ein Leckerbissen, den man sich zum Jahresende auf keinen Fall entgehen lassen sollte. Die Karten gibt es im Vorverkauf in der Tanzschule Peterhansl.<\/p>\r\n<p>Freitag, 04.12.2026 Einlass 19:00 Uhr; Beginn 20:00 Uhr<\/p>\r\n<p>Samstag, 05.12.2026 Einlass 19:00 Uhr; Beginn 20:00 Uhr<\/p>\r\n<h1>\u00a0<\/h1>\r\n<h1><span style=\"color: #800000;\">Winterball 2026<\/span><\/h1>\r\n<p>Samstag 19.12.2026, Einlass 18:00 Uhr; Beginn 20:00 Uhr; Ende 01:00 Uhr in den Stadts\u00e4len Bernlochner<\/p>\r\n<p>&nbsp;<\/p>\r\n<h1><span style=\"color: #800000;\">Le Bal Club &#8211; Weihnachtsfeier<\/span><\/h1>\r\n<p>Sonntag 20.12.2026 ab 18:00 Uhr<\/p>\r\n<p>&nbsp;<\/p>\r\n<h1><span style=\"color: #800000;\">X-MAS Party<\/span><\/h1>\r\n<p>Samstag 26.12.2026 ab 20:00 Uhr bis 24:00 Uhr? (Einlass ab 19:30 Uhr)<\/p>\r\n<h1>\u00a0<\/h1>\r\n<p>&nbsp;<\/p>\r\n\r\n<p>&nbsp;<\/p>\r\n","protected":false},"excerpt":{"rendered":"<p>Fr\u00fchlingsball 2026 Samstag 28.03.2026, Einlass 18:00 Uhr; Beginn 20:00 Uhr; Ende 01:00 Uhr in den Stadts\u00e4len Bernlochner \u00a0 Sommerball 2026 Samstag 25.07.2026, Einlass 18:00 Uhr; Beginn 20:00 Uhr; Ende 01:00 Uhr in den Stadts\u00e4len Bernlochner \u00a0 Nacht der blauen Wunder Am 07.11.2026 ist es wieder so weit. Auch das Le Bal ist wieder Teilnehmend! \u00a0<\/p>\n<p><a href=\"https:\/\/www.tanzschulepeterhansl.de\/v4\/veranstaltungskalender\/\" class=\"read-more\">weiterlesen &rarr;<\/a><\/p>\n","protected":false},"author":2,"featured_media":0,"parent":0,"menu_order":0,"comment_status":"closed","ping_status":"closed","template":"","meta":{"footnotes":""},"class_list":["post-355","page","type-page","status-publish","hentry"],"_links":{"self":[{"href":"https:\/\/www.tanzschulepeterhansl.de\/v4\/wp-json\/wp\/v2\/pages\/355","targetHints":{"allow":["GET"]}}],"collection":[{"href":"https:\/\/www.tanzschulepeterhansl.de\/v4\/wp-json\/wp\/v2\/pages"}],"about":[{"href":"https:\/\/www.tanzschulepeterhansl.de\/v4\/wp-json\/wp\/v2\/types\/page"}],"author":[{"embeddable":true,"href":"https:\/\/www.tanzschulepeterhansl.de\/v4\/wp-json\/wp\/v2\/users\/2"}],"replies":[{"embeddable":true,"href":"https:\/\/www.tanzschulepeterhansl.de\/v4\/wp-json\/wp\/v2\/comments?post=355"}],"version-history":[{"count":55,"href":"https:\/\/www.tanzschulepeterhansl.de\/v4\/wp-json\/wp\/v2\/pages\/355\/revisions"}],"predecessor-version":[{"id":1460,"href":"https:\/\/www.tanzschulepeterhansl.de\/v4\/wp-json\/wp\/v2\/pages\/355\/revisions\/1460"}],"wp:attachment":[{"href":"https:\/\/www.tanzschulepeterhansl.de\/v4\/wp-json\/wp\/v2\/media?parent=355"}],"curies":[{"name":"wp","href":"https:\/\/api.w.org\/{rel}","templated":true}]}}