{"id":35,"date":"2015-08-08T13:00:07","date_gmt":"2015-08-08T11:00:07","guid":{"rendered":"http:\/\/www.tanzschulepeterhansl.de\/v4\/?page_id=35"},"modified":"2025-12-11T19:48:57","modified_gmt":"2025-12-11T18:48:57","slug":"agb","status":"publish","type":"page","link":"https:\/\/www.tanzschulepeterhansl.de\/v4\/agb\/","title":{"rendered":"AGB"},"content":{"rendered":"<p><strong>AGB\u00b4s\u00a0<\/strong><\/p>\n<p>1.<br \/>\nDie Anmeldung zum Tanzkurs, ob schriftlich oder online, ist verbindlich und verpflichtet zur Zahlung des vollst\u00e4ndigen Honorars vor oder zu Beginn der ersten Tanzstunde.<br \/>\n2.<br \/>\nEine Stornierung Ihrer Buchung ist bis 7 Tage vor Kursbeginn gegen eine Bearbeitungsgeb\u00fchr von \u20ac 10.&#8211; \/Person m\u00f6glich, danach ist das volle Kurshonorar zu begleichen.<br \/>\n3.<br \/>\nVorher abgesagte, vers\u00e4umte Kursstunden k\u00f6nnen zu einem anderen Zeitpunkt nachgeholt werden bzw. f\u00fcr einen sp\u00e4teren Kurs gutgeschrieben werden (Gutschein). Eine auch teilweise Erstattung des Kurshonorars ist nicht m\u00f6glich, nicht abgesagte Kursstunden verfallen.<br \/>\n4.<br \/>\nGutscheine k\u00f6nnen nur bei unserer Tanzschule eingel\u00f6st werden. Die G\u00fcltigkeit der Gutscheine<br \/>\nrichtet sich nach den aktuell geltenden gesetzlichen Bestimmungen. Barauszahlungen sind ausgeschlossen.<br \/>\n5.<br \/>\nDas Tanzen sowie der Aufenthalt in unseren R\u00e4umen geschieht auf eigene Gefahr.<br \/>\n6.<br \/>\nDas Mitbringen von eigenen Getr\u00e4nken kann nicht gestattet werden, dagegen ist der Verzehr von mitgebrachten oder gelieferten Speisen erlaubt unter der Bedingung, dass die Verpackung sofort entfernt und entsorgt wird. Wir stellen gerne kostenlos Teller und Besteck zur Verf\u00fcgung.<br \/>\n7.<br \/>\nDatenschutz: Die von unserer EDV erfassten Daten dienen ausschlie\u00dflich unserer eigenen Verwaltung. Eine Weiterleitung an Dritte ist ausgeschlossen.<br \/>\n8.<br \/>\nDer Le-Bal-Club beinhaltet alle Kurse (au\u00dfer Workshops), alle regul\u00e4ren Tanzparty\u00b4s (au\u00dfer Motto-Party\u00b4s) sowie Verg\u00fcnstigungen bei Ballkarten und Workshops.<br \/>\n9.<\/p>\n<p>Der \u201eLe Bal Club\u201c hat eine Mindestvertragslaufzeit von 3 Monaten und verl\u00e4ngert sich automatisch um jeweils einen Monat, wenn keine K\u00fcndigung erfolgt. Der \u201eLe Bal Club\u201c ist ordentlich und schriftlich k\u00fcndbar jeweils im Vormonat, zum Ende des Folgemonats. Bei einem Wiedereintritt innerhalb von 3 Monaten nach erfolgter K\u00fcndigung, wird eine Bearbeitungsgeb\u00fchr von einem Monatsbeitrag f\u00e4llig. Die Bezahlung der Beitr\u00e4ge erfolgt \u00fcber das<br \/>\nSEPA-Lastschriftverfahren. Bei Familien ab 3 Personen und in besonderen F\u00e4llen k\u00f6nnen individuelle Absprachen und Konditionen vereinbart werden. Die Mitgliedschaft beinhaltet mindestens 36 Kurswochen pro Jahr! In den bayerischen Schulferien findet entweder kein oder nur teilweise Unterricht statt. Informationen hierzu werden in den Kursen, per Aushang und auf der Homepage bekannt gegeben. Bei zu geringer Teilnehmerzahl behalten wir uns vor, Kurse ausfallen zu lassen, oder ganz aus dem Programm zu streichen! Bei versp\u00e4teter K\u00fcndigung erfolgt der Austritt automatisch zum Ende der im Vertrag vereinbarten Laufzeit, welche der<br \/>\nArt der Bezahlung (monatlich; j\u00e4hrlich) entspricht.<br \/>\n10.<br \/>\nDie Bezahlung der Club-Mitgliedschaft geschieht per SEPA-Lastschriftverfahren im Voraus.<br \/>\n11.<br \/>\nDie verschiedenen Le-Bal-Club Mitgliedschaften entnehmen Sie bitte der Rubrik &#8222;Le Bal Club&#8220;. Ein Familienrabatt ist ab 3 Personen m\u00f6glich.<br \/>\n12.<br \/>\nBei beh\u00f6rdlicher Schlie\u00dfung der Tanzschule aufgrund \u00e4u\u00dferer Umst\u00e4nde (z. Bsp. Pandemien, wie Corona etc.) behalten bereits bezahlte Ballkarten etc. ihre G\u00fcltigkeit. Ballkarten k\u00f6nnen zu einem sp\u00e4teren Ball verwendet werden. Kurse werden online fortgef\u00fchrt. Eine Auszahlung von Geb\u00fchren ist nicht m\u00f6glich.<br \/>\n13.<br \/>\nDer Kunde best\u00e4tigt mit seiner Unterschrift oder seiner Online-Anmeldung, dass er die AGB\u00b4s gelesen hat und mit deren Inhalt einverstanden ist.<br \/>\n14.<br \/>\nErf\u00fcllungsort und Gerichtsstand ist Landshut.<\/p>\n<p>Stand 2025 \/ 2026<\/p>\n","protected":false},"excerpt":{"rendered":"<p>AGB\u00b4s\u00a0 1. Die Anmeldung zum Tanzkurs, ob schriftlich oder online, ist verbindlich und verpflichtet zur Zahlung des vollst\u00e4ndigen Honorars vor oder zu Beginn der ersten Tanzstunde. 2. Eine Stornierung Ihrer Buchung ist bis 7 Tage vor Kursbeginn gegen eine Bearbeitungsgeb\u00fchr von \u20ac 10.&#8211; \/Person m\u00f6glich, danach ist das volle Kurshonorar zu begleichen. 3. Vorher abgesagte,<\/p>\n<p><a href=\"https:\/\/www.tanzschulepeterhansl.de\/v4\/agb\/\" class=\"read-more\">weiterlesen &rarr;<\/a><\/p>\n","protected":false},"author":2,"featured_media":0,"parent":0,"menu_order":0,"comment_status":"closed","ping_status":"closed","template":"","meta":{"footnotes":""},"class_list":["post-35","page","type-page","status-publish","hentry"],"_links":{"self":[{"href":"https:\/\/www.tanzschulepeterhansl.de\/v4\/wp-json\/wp\/v2\/pages\/35","targetHints":{"allow":["GET"]}}],"collection":[{"href":"https:\/\/www.tanzschulepeterhansl.de\/v4\/wp-json\/wp\/v2\/pages"}],"about":[{"href":"https:\/\/www.tanzschulepeterhansl.de\/v4\/wp-json\/wp\/v2\/types\/page"}],"author":[{"embeddable":true,"href":"https:\/\/www.tanzschulepeterhansl.de\/v4\/wp-json\/wp\/v2\/users\/2"}],"replies":[{"embeddable":true,"href":"https:\/\/www.tanzschulepeterhansl.de\/v4\/wp-json\/wp\/v2\/comments?post=35"}],"version-history":[{"count":16,"href":"https:\/\/www.tanzschulepeterhansl.de\/v4\/wp-json\/wp\/v2\/pages\/35\/revisions"}],"predecessor-version":[{"id":1454,"href":"https:\/\/www.tanzschulepeterhansl.de\/v4\/wp-json\/wp\/v2\/pages\/35\/revisions\/1454"}],"wp:attachment":[{"href":"https:\/\/www.tanzschulepeterhansl.de\/v4\/wp-json\/wp\/v2\/media?parent=35"}],"curies":[{"name":"wp","href":"https:\/\/api.w.org\/{rel}","templated":true}]}}