{"id":31,"date":"2015-08-07T14:24:03","date_gmt":"2015-08-07T12:24:03","guid":{"rendered":"http:\/\/www.tanzschulepeterhansl.de\/v4\/?page_id=31"},"modified":"2026-04-07T16:18:41","modified_gmt":"2026-04-07T14:18:41","slug":"spezialkurse","status":"publish","type":"page","link":"https:\/\/www.tanzschulepeterhansl.de\/v4\/kurse\/spezialkurse\/","title":{"rendered":"Spezialkurse"},"content":{"rendered":"<h1>Spezialkurse \/ Sondert\u00e4nze<\/h1>\n<p>Leidenschaft und Hingabe! Wer sich auf einen Tanz spezialisieren m\u00f6chte oder wer vom Tanzen nicht genug bekommen kann, der ist bei den Sondert\u00e4nzen genau richtig. Traditionen pflegen, aber sich dem Neuen nicht verwehren ist einer unserer Leitf\u00e4den. Im Laufe der Zeit sind wir nicht jedem Trend gefolgt, waren aber dennoch immer die Trendsetter in unserer Region. Einige Sondert\u00e4nze haben es so in das Tanzprogramm der Tanzschule Peterhansl geschafft. Mit ausgefeilten Techniken, einer F\u00fclle von Variationen in den Bewegungsabl\u00e4ufen und der M\u00f6glichkeit, einer speziellen Musik den entsprechenden Ausdruck zu verleihen, versprechen diese T\u00e4nze ein ganz besonderes K\u00f6rpergef\u00fchl und maximalen Spa\u00dffaktor.<\/p>\n<p>&nbsp;<\/p>\n<p><span style=\"color: #ff0000;\"><strong>!!! An diesen Sonntagen finden KEINE Kursstunden statt:<\/strong><\/span><\/p>\n<p><span style=\"color: #ff0000;\">31.05.2026 (Sonderveranstaltung) \/ 09.08.2026 (Betriebsurlaub) \/ 16.08.2026 (Betriebsurlaub) \/ 01.11.2026 (Stiller Feiertag) \/ 15.11.2026 (Stiller Feiertag) \/ 22.11.2026 Stiller Feiertag) \/ 27.12.2026 (Weihnachtsferien)<\/span><\/p>\n<h2>Anmeldung<\/h2>\n<table class=\"table table-condensed\"><thead><tr><th>Kurs\/Veranstaltung<\/th><th>Beginn<\/th><th>Dauer<\/th><th>Preis<\/th><th>Optionen<\/th><\/tr><\/thead><tbody><tr><td>Discofox Club Erwachsene<\/td><td>So. 15:45 Uhr<\/td><td>lfd. \/ 90 Min.<\/td><td>49 Euro  (pro Person\/Monat)<\/td><td><form name=\"scmRegister_199\" action=\"?action=register\" method=\"post\"><select name=\"scmPersons\"><option value=\"1\">1<\/option><option value=\"2\">2<\/option><\/select> Person(en)<input type=\"hidden\" value=\"199\" name=\"scmID\" \/><input type=\"hidden\" value=\"Discofox Club Erwachsene\" name=\"scmCourse\" \/><input type=\"hidden\" value=\"Le Bal\" name=\"scmLocation\" \/><input type=\"hidden\" value=\"So. 15:45 Uhr\" name=\"scmStart\" \/><input type=\"hidden\" value=\"10\" name=\"scmLimit\" \/><input type=\"hidden\" value=\"49\" name=\"scmPrice\" \/><input type=\"hidden\" value=\"c156897e10\" name=\"scmCheck\" \/>&nbsp;<input type=\"submit\" value=\"anmelden\" name=\"scmSubmit\" \/><\/form><\/td><\/tr><tr><td>Discofox Club Jugendliche<\/td><td>So. 15:45 Uhr<\/td><td>lfd<\/td><td>39 Euro  (pro Person \/ Monat \/ Club)<\/td><td><form name=\"scmRegister_219\" action=\"?action=register\" method=\"post\"><select name=\"scmPersons\"><option value=\"1\">1<\/option><option value=\"2\">2<\/option><\/select> Person(en)<input type=\"hidden\" value=\"219\" name=\"scmID\" \/><input type=\"hidden\" value=\"Discofox Club Jugendliche\" name=\"scmCourse\" \/><input type=\"hidden\" value=\"Le Bal\" name=\"scmLocation\" \/><input type=\"hidden\" value=\"So. 15:45 Uhr\" name=\"scmStart\" \/><input type=\"hidden\" value=\"20\" name=\"scmLimit\" \/><input type=\"hidden\" value=\"39\" name=\"scmPrice\" \/><input type=\"hidden\" value=\"e09b2d871d\" name=\"scmCheck\" \/>&nbsp;<input type=\"submit\" value=\"anmelden\" name=\"scmSubmit\" \/><\/form><\/td><\/tr><tr><td>Discofox Grundkurs<\/td><td>So. 14:00 Uhr<\/td><td>6 x 90 Min.<\/td><td>110 Euro  (pro Person)<\/td><td><form name=\"scmRegister_198\" action=\"?action=register\" method=\"post\"><select name=\"scmPersons\"><option value=\"1\">1<\/option><option value=\"2\">2<\/option><\/select> Person(en)<input type=\"hidden\" value=\"198\" name=\"scmID\" \/><input type=\"hidden\" value=\"Discofox Grundkurs\" name=\"scmCourse\" \/><input type=\"hidden\" value=\"Le Bal\" name=\"scmLocation\" \/><input type=\"hidden\" value=\"So. 14:00 Uhr\" name=\"scmStart\" \/><input type=\"hidden\" value=\"33\" name=\"scmLimit\" \/><input type=\"hidden\" value=\"110\" name=\"scmPrice\" \/><input type=\"hidden\" value=\"e6bb68e415\" name=\"scmCheck\" \/>&nbsp;<input type=\"submit\" value=\"anmelden\" name=\"scmSubmit\" \/><\/form><\/td><\/tr><tr><td>Salsa & Bachata Club Erw.<\/td><td>So. 18:45 Uhr<\/td><td>lfd. \/ 90 Min.<\/td><td>49 Euro  (pro Person \/ Monat \/ Club)<\/td><td>Leider ist eine Anmeldung nicht (mehr) m&ouml;glich.<\/td><\/tr><tr><td>Salsa & Bachata Club Jug.<\/td><td>So. 18:45 Uhr<\/td><td>lfd. \/ 90 Min.<\/td><td>39 Euro  (pro Person \/ Monat \/ Club)<\/td><td>Leider ist eine Anmeldung nicht (mehr) m&ouml;glich.<\/td><\/tr><tr><td>Salsa & Bachata Grundkurs<\/td><td>So. 18:45 Uhr<\/td><td>6 x 90 Min.<\/td><td>90 Euro  (pro Person)<\/td><td>Leider ist eine Anmeldung nicht (mehr) m&ouml;glich.<\/td><\/tr><tr><td>Tango Argentino Club Erwachsene<\/td><td>Mi. 21:00 Uhr<\/td><td>lfd. \/ 90 Min.<\/td><td>49 Euro  (pro Person\/Monat)<\/td><td><form name=\"scmRegister_207\" action=\"?action=register\" method=\"post\"><select name=\"scmPersons\"><option value=\"1\">1<\/option><option value=\"2\">2<\/option><\/select> Person(en)<input type=\"hidden\" value=\"207\" name=\"scmID\" \/><input type=\"hidden\" value=\"Tango Argentino Club Erwachsene\" name=\"scmCourse\" \/><input type=\"hidden\" value=\"Le Bal\" name=\"scmLocation\" \/><input type=\"hidden\" value=\"Mi. 21:00 Uhr\" name=\"scmStart\" \/><input type=\"hidden\" value=\"20\" name=\"scmLimit\" \/><input type=\"hidden\" value=\"49\" name=\"scmPrice\" \/><input type=\"hidden\" value=\"0000b83a01\" name=\"scmCheck\" \/>&nbsp;<input type=\"submit\" value=\"anmelden\" name=\"scmSubmit\" \/><\/form><\/td><\/tr><tr><td>Tango Argentino Club Jugendliche<\/td><td>Mi. 21:00 Uhr<\/td><td>lfd. \/ 90 Min.<\/td><td>39 Euro  (pro Person\/Monat)<\/td><td><form name=\"scmRegister_208\" action=\"?action=register\" method=\"post\"><select name=\"scmPersons\"><option value=\"1\">1<\/option><option value=\"2\">2<\/option><\/select> Person(en)<input type=\"hidden\" value=\"208\" name=\"scmID\" \/><input type=\"hidden\" value=\"Tango Argentino Club Jugendliche\" name=\"scmCourse\" \/><input type=\"hidden\" value=\"Le Bal\" name=\"scmLocation\" \/><input type=\"hidden\" value=\"Mi. 21:00 Uhr\" name=\"scmStart\" \/><input type=\"hidden\" value=\"20\" name=\"scmLimit\" \/><input type=\"hidden\" value=\"39\" name=\"scmPrice\" \/><input type=\"hidden\" value=\"935fcd9f5b\" name=\"scmCheck\" \/>&nbsp;<input type=\"submit\" value=\"anmelden\" name=\"scmSubmit\" \/><\/form><\/td><\/tr><tr><td>Tango Argentino Grundkurs<\/td><td>Mi. 21:00 Uhr<\/td><td>6 x 90 Min.<\/td><td>110 Euro  (pro Person)<\/td><td><form name=\"scmRegister_215\" action=\"?action=register\" method=\"post\"><select name=\"scmPersons\"><option value=\"1\">1<\/option><option value=\"2\">2<\/option><\/select> Person(en)<input type=\"hidden\" value=\"215\" name=\"scmID\" \/><input type=\"hidden\" value=\"Tango Argentino Grundkurs\" name=\"scmCourse\" \/><input type=\"hidden\" value=\"Le Bal\" name=\"scmLocation\" \/><input type=\"hidden\" value=\"Mi. 21:00 Uhr\" name=\"scmStart\" \/><input type=\"hidden\" value=\"38\" name=\"scmLimit\" \/><input type=\"hidden\" value=\"110\" name=\"scmPrice\" \/><input type=\"hidden\" value=\"4c499eac59\" name=\"scmCheck\" \/>&nbsp;<input type=\"submit\" value=\"anmelden\" name=\"scmSubmit\" \/><\/form><\/td><\/tr><tr><td>WCS Club Erwachsene<\/td><td>Di. 20:30 Uhr<\/td><td>lfd. \/ 90 Min.<\/td><td>49 Euro  (pro Person\/Monat)<\/td><td><form name=\"scmRegister_205\" action=\"?action=register\" method=\"post\"><select name=\"scmPersons\"><option value=\"1\">1<\/option><option value=\"2\">2<\/option><\/select> Person(en)<input type=\"hidden\" value=\"205\" name=\"scmID\" \/><input type=\"hidden\" value=\"WCS Club Erwachsene\" name=\"scmCourse\" \/><input type=\"hidden\" value=\"Le Bal\" name=\"scmLocation\" \/><input type=\"hidden\" value=\"Di. 20:30 Uhr\" name=\"scmStart\" \/><input type=\"hidden\" value=\"16\" name=\"scmLimit\" \/><input type=\"hidden\" value=\"49\" name=\"scmPrice\" \/><input type=\"hidden\" value=\"8aa5b2fa5c\" name=\"scmCheck\" \/>&nbsp;<input type=\"submit\" value=\"anmelden\" name=\"scmSubmit\" \/><\/form><\/td><\/tr><tr><td>WCS Club Jugendliche<\/td><td>Di. 20:30 Uhr<\/td><td>lfd. \/ 90 Min.<\/td><td>39 Euro  (pro Person\/Monat)<\/td><td><form name=\"scmRegister_206\" action=\"?action=register\" method=\"post\"><select name=\"scmPersons\"><option value=\"1\">1<\/option><option value=\"2\">2<\/option><\/select> Person(en)<input type=\"hidden\" value=\"206\" name=\"scmID\" \/><input type=\"hidden\" value=\"WCS Club Jugendliche\" name=\"scmCourse\" \/><input type=\"hidden\" value=\"Le Bal\" name=\"scmLocation\" \/><input type=\"hidden\" value=\"Di. 20:30 Uhr\" name=\"scmStart\" \/><input type=\"hidden\" value=\"20\" name=\"scmLimit\" \/><input type=\"hidden\" value=\"39\" name=\"scmPrice\" \/><input type=\"hidden\" value=\"0a959423f3\" name=\"scmCheck\" \/>&nbsp;<input type=\"submit\" value=\"anmelden\" name=\"scmSubmit\" \/><\/form><\/td><\/tr><tr><td>West Coast Swing Grundkurs<\/td><td>Di. 20:30 Uhr<\/td><td>6 x 90 Min.<\/td><td>110 Euro  (pro Person)<\/td><td><form name=\"scmRegister_204\" action=\"?action=register\" method=\"post\"><select name=\"scmPersons\"><option value=\"1\">1<\/option><option value=\"2\">2<\/option><\/select> Person(en)<input type=\"hidden\" value=\"204\" name=\"scmID\" \/><input type=\"hidden\" value=\"West Coast Swing Grundkurs\" name=\"scmCourse\" \/><input type=\"hidden\" value=\"Le Bal\" name=\"scmLocation\" \/><input type=\"hidden\" value=\"Di. 20:30 Uhr\" name=\"scmStart\" \/><input type=\"hidden\" value=\"38\" name=\"scmLimit\" \/><input type=\"hidden\" value=\"110\" name=\"scmPrice\" \/><input type=\"hidden\" value=\"525ad22367\" name=\"scmCheck\" \/>&nbsp;<input type=\"submit\" value=\"anmelden\" name=\"scmSubmit\" \/><\/form><\/td><\/tr><\/tbody><\/table>\n","protected":false},"excerpt":{"rendered":"<p>Spezialkurse \/ Sondert\u00e4nze Leidenschaft und Hingabe! Wer sich auf einen Tanz spezialisieren m\u00f6chte oder wer vom Tanzen nicht genug bekommen kann, der ist bei den Sondert\u00e4nzen genau richtig. Traditionen pflegen, aber sich dem Neuen nicht verwehren ist einer unserer Leitf\u00e4den. Im Laufe der Zeit sind wir nicht jedem Trend gefolgt, waren aber dennoch immer die<\/p>\n<p><a href=\"https:\/\/www.tanzschulepeterhansl.de\/v4\/kurse\/spezialkurse\/\" class=\"read-more\">weiterlesen &rarr;<\/a><\/p>\n","protected":false},"author":1,"featured_media":419,"parent":4,"menu_order":0,"comment_status":"closed","ping_status":"closed","template":"","meta":{"footnotes":""},"class_list":["post-31","page","type-page","status-publish","has-post-thumbnail","hentry","has_thumb"],"_links":{"self":[{"href":"https:\/\/www.tanzschulepeterhansl.de\/v4\/wp-json\/wp\/v2\/pages\/31","targetHints":{"allow":["GET"]}}],"collection":[{"href":"https:\/\/www.tanzschulepeterhansl.de\/v4\/wp-json\/wp\/v2\/pages"}],"about":[{"href":"https:\/\/www.tanzschulepeterhansl.de\/v4\/wp-json\/wp\/v2\/types\/page"}],"author":[{"embeddable":true,"href":"https:\/\/www.tanzschulepeterhansl.de\/v4\/wp-json\/wp\/v2\/users\/1"}],"replies":[{"embeddable":true,"href":"https:\/\/www.tanzschulepeterhansl.de\/v4\/wp-json\/wp\/v2\/comments?post=31"}],"version-history":[{"count":15,"href":"https:\/\/www.tanzschulepeterhansl.de\/v4\/wp-json\/wp\/v2\/pages\/31\/revisions"}],"predecessor-version":[{"id":1471,"href":"https:\/\/www.tanzschulepeterhansl.de\/v4\/wp-json\/wp\/v2\/pages\/31\/revisions\/1471"}],"up":[{"embeddable":true,"href":"https:\/\/www.tanzschulepeterhansl.de\/v4\/wp-json\/wp\/v2\/pages\/4"}],"wp:featuredmedia":[{"embeddable":true,"href":"https:\/\/www.tanzschulepeterhansl.de\/v4\/wp-json\/wp\/v2\/media\/419"}],"wp:attachment":[{"href":"https:\/\/www.tanzschulepeterhansl.de\/v4\/wp-json\/wp\/v2\/media?parent=31"}],"curies":[{"name":"wp","href":"https:\/\/api.w.org\/{rel}","templated":true}]}}