{"id":24,"date":"2015-08-07T14:18:37","date_gmt":"2015-08-07T12:18:37","guid":{"rendered":"http:\/\/www.tanzschulepeterhansl.de\/v4\/?page_id=24"},"modified":"2019-04-05T23:36:37","modified_gmt":"2019-04-05T21:36:37","slug":"geschichte","status":"publish","type":"page","link":"https:\/\/www.tanzschulepeterhansl.de\/v4\/ueber-uns\/geschichte\/","title":{"rendered":"Geschichte"},"content":{"rendered":"<h1>Eine Tanzschule mit Tradition<\/h1>\n<p><img loading=\"lazy\" decoding=\"async\" class=\" size-full wp-image-26 alignleft\" src=\"https:\/\/www.tanzschulepeterhansl.de\/v4\/wp-content\/uploads\/2015\/08\/tinkler_peter.jpg\" alt=\"tinkler_peter\" width=\"208\" height=\"150\" \/>Von Otto PETERHANSL im Jahre 1911 gegr\u00fcndet, ist unsere Tanzschule eine der \u00e4ltesten in Deutschland. Nach dem Tod des Gr\u00fcnders 1950 f\u00fchrte seine Tochter Bertha TRINKLER-PETERHANSL die Tanzschule weiter.<\/p>\n<p>Die als &#8222;Tante Peter&#8220; vielen alten Landshutern noch vertraute Wigman-Sch\u00fclerin starb 88-j\u00e4hrig kurz vor der Jahrtausendwende. Anschlie\u00dfend stand das bl\u00fchende Familienunternehmen unter der Leitung von Gisela FIORI, einer Tochter von &#8222;Tante Peter&#8220;. Mit dem Tod von G. Fiori 2011 erbte Ihr Sohn Till Fiori das Familienunternehmen. Till Fiori fungiert als Inhaber und hat 2011 die Leitung der Tanzschule Peterhansl an Florian M. G. Erhart, genannt &#8222;Buddy&#8220;, \u00fcbertragen. Nach wie vor ist es un\u00adsere Philo\u00adsophie, Be\u00adw\u00e4hrtes zu pfle\u00adgen und auch f\u00fcr Neues offen zu sein.<\/p>\n<p><img loading=\"lazy\" decoding=\"async\" class=\" size-full wp-image-25 alignright\" src=\"https:\/\/www.tanzschulepeterhansl.de\/v4\/wp-content\/uploads\/2015\/08\/gisela.jpg\" alt=\"gisela\" width=\"120\" height=\"167\" \/>Seit 1992 sind un\u00adsere R\u00e4u\u00adme am Regierungs\u00adplatz 542 mitten in der Innen\u00adstadt im ehemaligen Gewerbe\u00adhaus, das von 1848-1900 die erste evan\u00adgelische Kirche in Lands\u00adhut war. Der historische Saal mit seinen Nebenr\u00e4umen ist sorgf\u00e4ltig restauriert worden, und viele Besucher empfinden ihn wegen seines besonderen Flairs als kleinere Ausgabe des Rathausprunksaals, in dem Tanzen lernen zum Ver\u00adgn\u00fcgen und Feste feiern zum Erleb\u00adnis wird.<\/p>\n<p>Zur Er\u00f6ffnung der neuen R\u00e4ume 1992 inszenierte Gisela FIORI das Kultst\u00fcck &#8222;Le Bal&#8220;, das von fast 2000 Zuschauern gesehen wurde. Seitdem tr\u00e4gt die TANZSCHULE PETERHANSL den Zusatznamen &#8222;LE BAL&#8220;, der gastronomische Bereich hei\u00dft &#8222;Le-Bal-Saloneries&#8220;.<\/p>\n","protected":false},"excerpt":{"rendered":"<p>Eine Tanzschule mit Tradition Von Otto PETERHANSL im Jahre 1911 gegr\u00fcndet, ist unsere Tanzschule eine der \u00e4ltesten in Deutschland. Nach dem Tod des Gr\u00fcnders 1950 f\u00fchrte seine Tochter Bertha TRINKLER-PETERHANSL die Tanzschule weiter. Die als &#8222;Tante Peter&#8220; vielen alten Landshutern noch vertraute Wigman-Sch\u00fclerin starb 88-j\u00e4hrig kurz vor der Jahrtausendwende. Anschlie\u00dfend stand das bl\u00fchende Familienunternehmen unter<\/p>\n<p><a href=\"https:\/\/www.tanzschulepeterhansl.de\/v4\/ueber-uns\/geschichte\/\" class=\"read-more\">weiterlesen &rarr;<\/a><\/p>\n","protected":false},"author":1,"featured_media":0,"parent":547,"menu_order":0,"comment_status":"closed","ping_status":"closed","template":"","meta":{"footnotes":""},"class_list":["post-24","page","type-page","status-publish","hentry"],"_links":{"self":[{"href":"https:\/\/www.tanzschulepeterhansl.de\/v4\/wp-json\/wp\/v2\/pages\/24","targetHints":{"allow":["GET"]}}],"collection":[{"href":"https:\/\/www.tanzschulepeterhansl.de\/v4\/wp-json\/wp\/v2\/pages"}],"about":[{"href":"https:\/\/www.tanzschulepeterhansl.de\/v4\/wp-json\/wp\/v2\/types\/page"}],"author":[{"embeddable":true,"href":"https:\/\/www.tanzschulepeterhansl.de\/v4\/wp-json\/wp\/v2\/users\/1"}],"replies":[{"embeddable":true,"href":"https:\/\/www.tanzschulepeterhansl.de\/v4\/wp-json\/wp\/v2\/comments?post=24"}],"version-history":[{"count":7,"href":"https:\/\/www.tanzschulepeterhansl.de\/v4\/wp-json\/wp\/v2\/pages\/24\/revisions"}],"predecessor-version":[{"id":500,"href":"https:\/\/www.tanzschulepeterhansl.de\/v4\/wp-json\/wp\/v2\/pages\/24\/revisions\/500"}],"up":[{"embeddable":true,"href":"https:\/\/www.tanzschulepeterhansl.de\/v4\/wp-json\/wp\/v2\/pages\/547"}],"wp:attachment":[{"href":"https:\/\/www.tanzschulepeterhansl.de\/v4\/wp-json\/wp\/v2\/media?parent=24"}],"curies":[{"name":"wp","href":"https:\/\/api.w.org\/{rel}","templated":true}]}}