{"id":18,"date":"2015-08-07T14:10:11","date_gmt":"2015-08-07T12:10:11","guid":{"rendered":"http:\/\/www.tanzschulepeterhansl.de\/v4\/?page_id=18"},"modified":"2025-12-10T15:36:22","modified_gmt":"2025-12-10T14:36:22","slug":"jugendliche","status":"publish","type":"page","link":"https:\/\/www.tanzschulepeterhansl.de\/v4\/kurse\/jugendliche\/","title":{"rendered":"Jugendliche"},"content":{"rendered":"<h1>Jugendliche<\/h1>\n<p>Tanzen: Weil es Spa\u00df macht! Wenn es um das Tanzen lernen geht, dann ist seit \u00fcber 100 Jahren die Tanzschule Peterhansl die erste Wahl f\u00fcr Sch\u00fcler\/innen der Landshuter Schulen. Jugendliche sch\u00e4tzen bei uns die famili\u00e4re Atmosph\u00e4re und Eltern freuen sich \u00fcber beste Erreichbarkeit via Bushaltestelle vor Ort oder Parkm\u00f6glichkeiten zum Abholen direkt vor der T\u00fcre am Regierungsplatz.<\/p>\n<p>Mit viel Einsatz, Spa\u00df und Entertainment vermitteln wir die Grundlagen der Gesellschaftst\u00e4nze. Ungezwungen gefeiert und ge\u00fcbt wird auf den legend\u00e4ren Tanzpartys am Samstag Abend, auf denen unsere DJ&#8217;s mit ausgesuchten Charthits aufs Parkett locken. Einfallsreiche Motto-Partys sorgen f\u00fcr zus\u00e4tzlichen Spa\u00df und Abwechslung.<\/p>\n<p>Drei mal pro Jahr veranstalten wir einen festlichen Deb\u00fctantenball<span style=\"color: #ff0000;\">*<\/span> mit vielen G\u00e4sten, gro\u00dfem Showblock mit Stars der Tanzszene und der vom Firmengr\u00fcnder Otto Peterhansl im Jahre 1911 in Deutschland eingef\u00fchrten &#8222;Original Wiener Francaise&#8220;.<\/p>\n<p><strong><span style=\"color: #ff0000;\">*Der Deb\u00fctantenall, der &#8222;Fr\u00fchlingsball 2026&#8220; ist am 28.03.2026 in den Stadts\u00e4len Bernlochner!<\/span><\/strong><\/p>\n<p><strong><span style=\"color: #0000ff;\">Kursinhalte<\/span><\/strong><\/p>\n<ul>\n<li>7 bis 8 Grundschritte und ein Basiskatalog an Figuren<\/li>\n<li>Diverse Partyt\u00e4nze w\u00e4hrend der Tanzpartys<\/li>\n<li>Stil und Etikette &#8211; gutes Benehmen im Alltag<\/li>\n<li>Original Wiener Francaise<\/li>\n<li>Synchron ChaCha<\/li>\n<li>Grundlagen Tanztechnik<\/li>\n<\/ul>\n<p><span style=\"color: #0000ff;\"><span style=\"caret-color: #0000ff;\"><b>Kosten<\/b><\/span><\/span><\/p>\n<p>Die Kursgeb\u00fchr betr\u00e4gt 110,- \u20ac. Pro Sch\u00fcler. Die Kursdauer betr\u00e4gt 10 x 90 Minuten. Bei einer Gruppenanmeldung von Mindestens 60 jugendlichen Teilnehmenden, gew\u00e4hren wir einen Rabatt von 10,- \u20ac auf die Kursgeb\u00fchr.<\/p>\n<p><span style=\"color: #0000ff;\"><strong>Weitere Kursstufen:<\/strong><\/span><\/p>\n<p>F\u00fcr erweiterte Grundschritte, Basisfiguren und Technische Grundlagen bietet die Aufbaustufe die beste Plattform. Ihr k\u00f6nnt jederzeit in den laufenden Kurs einsteigen. Wie lange Ihr diesen Kurs besuchen wollt, \u00fcberlassen wir ganz Euch, empfehlen allerdings eine Mindestdauer von 12 Kurseinheiten!<\/p>\n<p>In der Mittelstufe k\u00f6nnt Ihr Eure t\u00e4nzerischen F\u00e4higkeiten intensivieren. Tanztechnik, Fortgeschrittene Figuren und Kombinationen, \u00dcbungsanleitungen sowie weitere T\u00e4nze f\u00fcr Tanzerfahrene helfen Euch dabei.<\/p>\n<p>Oberstufe: Hier ist der richtige Platz f\u00fcr alle die das Tanzen als Hobby genie\u00dfen und weiter ausbauen wollen (Erweiterte Technik und Figuren). F\u00fcr eine Anmeldung ruft uns bitte an!<\/p>\n<p>Sport Club: F\u00fcr alle die weit mehr wollen als nur Hobby-Tanz. Unterricht auf sehr hohem Niveau. Tanztechnik, Turniertanz, Turnierfolgen, Sport-Training, Turniervorbereitung. Rising Star; SupaLeague; und weiter hoch&#8230; F\u00fcr eine Anmeldung ruft uns bitte an!<\/p>\n<h2>Anmeldung<\/h2>\n<table class=\"table table-condensed\"><thead><tr><th>Kurs\/Veranstaltung<\/th><th>Beginn<\/th><th>Dauer<\/th><th>Preis<\/th><th>Optionen<\/th><\/tr><\/thead><tbody><tr><td>Aufbaustufe<\/td><td>Di. 14:30 Uhr<\/td><td>lfd<\/td><td>39 Euro  (pro Person \/ Monat \/ Club)<\/td><td><form name=\"scmRegister_186\" action=\"?action=register\" method=\"post\"><select name=\"scmPersons\"><option value=\"1\">1<\/option><option value=\"2\">2<\/option><\/select> Person(en)<input type=\"hidden\" value=\"186\" name=\"scmID\" \/><input type=\"hidden\" value=\"Aufbaustufe\" name=\"scmCourse\" \/><input type=\"hidden\" value=\"Le Bal\" name=\"scmLocation\" \/><input type=\"hidden\" value=\"Di. 14:30 Uhr\" name=\"scmStart\" \/><input type=\"hidden\" value=\"39\" name=\"scmLimit\" \/><input type=\"hidden\" value=\"39\" name=\"scmPrice\" \/><input type=\"hidden\" value=\"6c51151858\" name=\"scmCheck\" \/>&nbsp;<input type=\"submit\" value=\"anmelden\" name=\"scmSubmit\" \/><\/form><\/td><\/tr><tr><td>Aufbaustufe<\/td><td>Fr. 15:30 Uhr<\/td><td>lfd<\/td><td>39 Euro  (pro Person \/ Monat \/ Club)<\/td><td><form name=\"scmRegister_191\" action=\"?action=register\" method=\"post\"><select name=\"scmPersons\"><option value=\"1\">1<\/option><option value=\"2\">2<\/option><\/select> Person(en)<input type=\"hidden\" value=\"191\" name=\"scmID\" \/><input type=\"hidden\" value=\"Aufbaustufe\" name=\"scmCourse\" \/><input type=\"hidden\" value=\"Le Bal\" name=\"scmLocation\" \/><input type=\"hidden\" value=\"Fr. 15:30 Uhr\" name=\"scmStart\" \/><input type=\"hidden\" value=\"16\" name=\"scmLimit\" \/><input type=\"hidden\" value=\"39\" name=\"scmPrice\" \/><input type=\"hidden\" value=\"1049c0f716\" name=\"scmCheck\" \/>&nbsp;<input type=\"submit\" value=\"anmelden\" name=\"scmSubmit\" \/><\/form><\/td><\/tr><tr><td>Grundkurs<\/td><td>13.04.26 15:00 Uhr<\/td><td>10 x 90 Min.<\/td><td>110 Euro  (pro Person)<\/td><td><form name=\"scmRegister_184\" action=\"?action=register\" method=\"post\"><select name=\"scmPersons\"><option value=\"1\">1<\/option><option value=\"2\">2<\/option><\/select> Person(en)<input type=\"hidden\" value=\"184\" name=\"scmID\" \/><input type=\"hidden\" value=\"Grundkurs\" name=\"scmCourse\" \/><input type=\"hidden\" value=\"Le Bal\" name=\"scmLocation\" \/><input type=\"hidden\" value=\"13.04.26 15:00 Uhr\" name=\"scmStart\" \/><input type=\"hidden\" value=\"58\" name=\"scmLimit\" \/><input type=\"hidden\" value=\"110\" name=\"scmPrice\" \/><input type=\"hidden\" value=\"8e93615799\" name=\"scmCheck\" \/>&nbsp;<input type=\"submit\" value=\"anmelden\" name=\"scmSubmit\" \/><\/form><\/td><\/tr><tr><td>Grundkurs<\/td><td>14.04.26 16:15 Uhr<\/td><td>10 x 90 Min.<\/td><td>110 Euro  (pro Person)<\/td><td><form name=\"scmRegister_185\" action=\"?action=register\" method=\"post\"><select name=\"scmPersons\"><option value=\"1\">1<\/option><option value=\"2\">2<\/option><\/select> Person(en)<input type=\"hidden\" value=\"185\" name=\"scmID\" \/><input type=\"hidden\" value=\"Grundkurs\" name=\"scmCourse\" \/><input type=\"hidden\" value=\"Le Bal\" name=\"scmLocation\" \/><input type=\"hidden\" value=\"14.04.26 16:15 Uhr\" name=\"scmStart\" \/><input type=\"hidden\" value=\"56\" name=\"scmLimit\" \/><input type=\"hidden\" value=\"110\" name=\"scmPrice\" \/><input type=\"hidden\" value=\"2b8456b371\" name=\"scmCheck\" \/>&nbsp;<input type=\"submit\" value=\"anmelden\" name=\"scmSubmit\" \/><\/form><\/td><\/tr><tr><td>Grundkurs<\/td><td>15.04.26 15:00 Uhr<\/td><td>10 x 90 Min.<\/td><td>110 Euro  (pro Person)<\/td><td><form name=\"scmRegister_187\" action=\"?action=register\" method=\"post\"><select name=\"scmPersons\"><option value=\"1\">1<\/option><option value=\"2\">2<\/option><\/select> Person(en)<input type=\"hidden\" value=\"187\" name=\"scmID\" \/><input type=\"hidden\" value=\"Grundkurs\" name=\"scmCourse\" \/><input type=\"hidden\" value=\"Le Bal\" name=\"scmLocation\" \/><input type=\"hidden\" value=\"15.04.26 15:00 Uhr\" name=\"scmStart\" \/><input type=\"hidden\" value=\"52\" name=\"scmLimit\" \/><input type=\"hidden\" value=\"110\" name=\"scmPrice\" \/><input type=\"hidden\" value=\"14d6f5ffb6\" name=\"scmCheck\" \/>&nbsp;<input type=\"submit\" value=\"anmelden\" name=\"scmSubmit\" \/><\/form><\/td><\/tr><tr><td>Grundkurs<\/td><td>16.04.26 13:45 Uhr<\/td><td>10 x 90 Min.<\/td><td>110 Euro  (pro Person)<\/td><td><form name=\"scmRegister_188\" action=\"?action=register\" method=\"post\"><select name=\"scmPersons\"><option value=\"1\">1<\/option><option value=\"2\">2<\/option><\/select> Person(en)<input type=\"hidden\" value=\"188\" name=\"scmID\" \/><input type=\"hidden\" value=\"Grundkurs\" name=\"scmCourse\" \/><input type=\"hidden\" value=\"Le Bal\" name=\"scmLocation\" \/><input type=\"hidden\" value=\"16.04.26 13:45 Uhr\" name=\"scmStart\" \/><input type=\"hidden\" value=\"52\" name=\"scmLimit\" \/><input type=\"hidden\" value=\"110\" name=\"scmPrice\" \/><input type=\"hidden\" value=\"f89af699f3\" name=\"scmCheck\" \/>&nbsp;<input type=\"submit\" value=\"anmelden\" name=\"scmSubmit\" \/><\/form><\/td><\/tr><tr><td>Grundkurs<\/td><td>17.04.26 13:45 Uhr<\/td><td>10 x 90 Min.<\/td><td>110 Euro  (pro Person)<\/td><td><form name=\"scmRegister_190\" action=\"?action=register\" method=\"post\"><select name=\"scmPersons\"><option value=\"1\">1<\/option><option value=\"2\">2<\/option><\/select> Person(en)<input type=\"hidden\" value=\"190\" name=\"scmID\" \/><input type=\"hidden\" value=\"Grundkurs\" name=\"scmCourse\" \/><input type=\"hidden\" value=\"Le Bal\" name=\"scmLocation\" \/><input type=\"hidden\" value=\"17.04.26 13:45 Uhr\" name=\"scmStart\" \/><input type=\"hidden\" value=\"50\" name=\"scmLimit\" \/><input type=\"hidden\" value=\"110\" name=\"scmPrice\" \/><input type=\"hidden\" value=\"952b26df55\" name=\"scmCheck\" \/>&nbsp;<input type=\"submit\" value=\"anmelden\" name=\"scmSubmit\" \/><\/form><\/td><\/tr><tr><td>Mittelstufe<\/td><td>Fr. 17:15 Uhr<\/td><td>lfd<\/td><td>39 Euro  (pro Person \/ Monat \/ Club)<\/td><td><form name=\"scmRegister_211\" action=\"?action=register\" method=\"post\"><select name=\"scmPersons\"><option value=\"1\">1<\/option><option value=\"2\">2<\/option><\/select> Person(en)<input type=\"hidden\" value=\"211\" name=\"scmID\" \/><input type=\"hidden\" value=\"Mittelstufe\" name=\"scmCourse\" \/><input type=\"hidden\" value=\"Le Bal\" name=\"scmLocation\" \/><input type=\"hidden\" value=\"Fr. 17:15 Uhr\" name=\"scmStart\" \/><input type=\"hidden\" value=\"30\" name=\"scmLimit\" \/><input type=\"hidden\" value=\"39\" name=\"scmPrice\" \/><input type=\"hidden\" value=\"2919b53381\" name=\"scmCheck\" \/>&nbsp;<input type=\"submit\" value=\"anmelden\" name=\"scmSubmit\" \/><\/form><\/td><\/tr><tr><td>Oberstufe<\/td><td>Mo. 16:45 Uhr<\/td><td>lfd<\/td><td>39 Euro  (pro Person \/ Monat \/ Club)<\/td><td><form name=\"scmRegister_192\" action=\"?action=register\" method=\"post\"><select name=\"scmPersons\"><option value=\"1\">1<\/option><option value=\"2\">2<\/option><\/select> Person(en)<input type=\"hidden\" value=\"192\" name=\"scmID\" \/><input type=\"hidden\" value=\"Oberstufe\" name=\"scmCourse\" \/><input type=\"hidden\" value=\"Le Bal\" name=\"scmLocation\" \/><input type=\"hidden\" value=\"Mo. 16:45 Uhr\" name=\"scmStart\" \/><input type=\"hidden\" value=\"40\" name=\"scmLimit\" \/><input type=\"hidden\" value=\"39\" name=\"scmPrice\" \/><input type=\"hidden\" value=\"a6f540761e\" name=\"scmCheck\" \/>&nbsp;<input type=\"submit\" value=\"anmelden\" name=\"scmSubmit\" \/><\/form><\/td><\/tr><tr><td>Oberstufe<\/td><td>Do. 15:30 Uhr<\/td><td>lfd<\/td><td>39 Euro  (pro Person \/ Monat \/ Club)<\/td><td><form name=\"scmRegister_218\" action=\"?action=register\" method=\"post\"><select name=\"scmPersons\"><option value=\"1\">1<\/option><option value=\"2\">2<\/option><\/select> Person(en)<input type=\"hidden\" value=\"218\" name=\"scmID\" \/><input type=\"hidden\" value=\"Oberstufe\" name=\"scmCourse\" \/><input type=\"hidden\" value=\"Le Bal\" name=\"scmLocation\" \/><input type=\"hidden\" value=\"Do. 15:30 Uhr\" name=\"scmStart\" \/><input type=\"hidden\" value=\"40\" name=\"scmLimit\" \/><input type=\"hidden\" value=\"39\" name=\"scmPrice\" \/><input type=\"hidden\" value=\"ef489455a8\" name=\"scmCheck\" \/>&nbsp;<input type=\"submit\" value=\"anmelden\" name=\"scmSubmit\" \/><\/form><\/td><\/tr><\/tbody><\/table>\n","protected":false},"excerpt":{"rendered":"<p>Jugendliche Tanzen: Weil es Spa\u00df macht! Wenn es um das Tanzen lernen geht, dann ist seit \u00fcber 100 Jahren die Tanzschule Peterhansl die erste Wahl f\u00fcr Sch\u00fcler\/innen der Landshuter Schulen. Jugendliche sch\u00e4tzen bei uns die famili\u00e4re Atmosph\u00e4re und Eltern freuen sich \u00fcber beste Erreichbarkeit via Bushaltestelle vor Ort oder Parkm\u00f6glichkeiten zum Abholen direkt vor der<\/p>\n<p><a href=\"https:\/\/www.tanzschulepeterhansl.de\/v4\/kurse\/jugendliche\/\" class=\"read-more\">weiterlesen &rarr;<\/a><\/p>\n","protected":false},"author":1,"featured_media":416,"parent":4,"menu_order":0,"comment_status":"closed","ping_status":"closed","template":"","meta":{"footnotes":""},"class_list":["post-18","page","type-page","status-publish","has-post-thumbnail","hentry","has_thumb"],"_links":{"self":[{"href":"https:\/\/www.tanzschulepeterhansl.de\/v4\/wp-json\/wp\/v2\/pages\/18","targetHints":{"allow":["GET"]}}],"collection":[{"href":"https:\/\/www.tanzschulepeterhansl.de\/v4\/wp-json\/wp\/v2\/pages"}],"about":[{"href":"https:\/\/www.tanzschulepeterhansl.de\/v4\/wp-json\/wp\/v2\/types\/page"}],"author":[{"embeddable":true,"href":"https:\/\/www.tanzschulepeterhansl.de\/v4\/wp-json\/wp\/v2\/users\/1"}],"replies":[{"embeddable":true,"href":"https:\/\/www.tanzschulepeterhansl.de\/v4\/wp-json\/wp\/v2\/comments?post=18"}],"version-history":[{"count":25,"href":"https:\/\/www.tanzschulepeterhansl.de\/v4\/wp-json\/wp\/v2\/pages\/18\/revisions"}],"predecessor-version":[{"id":1413,"href":"https:\/\/www.tanzschulepeterhansl.de\/v4\/wp-json\/wp\/v2\/pages\/18\/revisions\/1413"}],"up":[{"embeddable":true,"href":"https:\/\/www.tanzschulepeterhansl.de\/v4\/wp-json\/wp\/v2\/pages\/4"}],"wp:featuredmedia":[{"embeddable":true,"href":"https:\/\/www.tanzschulepeterhansl.de\/v4\/wp-json\/wp\/v2\/media\/416"}],"wp:attachment":[{"href":"https:\/\/www.tanzschulepeterhansl.de\/v4\/wp-json\/wp\/v2\/media?parent=18"}],"curies":[{"name":"wp","href":"https:\/\/api.w.org\/{rel}","templated":true}]}}