{"id":1436,"date":"2025-12-10T17:28:37","date_gmt":"2025-12-10T16:28:37","guid":{"rendered":"https:\/\/www.tanzschulepeterhansl.de\/v4\/?page_id=1436"},"modified":"2025-12-10T18:07:26","modified_gmt":"2025-12-10T17:07:26","slug":"gutschein","status":"publish","type":"page","link":"https:\/\/www.tanzschulepeterhansl.de\/v4\/kurse\/gutschein\/","title":{"rendered":"Gutschein &#038; 10er Karte"},"content":{"rendered":"<p>Hier k\u00f6nnen Sie einen Gutschein bestellen. Nach erfolgter Bestellung, schicken wir Ihnen den Gutschein mit Rechnung zu. Bezahlbar ist der Gutschein nach Erhalt der Rechnung. Der Gutschein ist erst nach Erhalt des Rechnungsbetrages g\u00fcltig! Ein Gutschein hat eine rechtliche G\u00fcltigkeit von 3 Jahren, beginnend mit dem Zahlungseingang. Bei einer Preiserh\u00f6hung in diesem Zeitraum k\u00f6nnen nachtr\u00e4gliche Geb\u00fchren anfallen.<\/p>\n<p>Das oben genannte z\u00e4hlt auch f\u00fcr die 10er Karte!<\/p>\n<ul>\n<li>Gutschein f\u00fcr 1 Person im Grundkurs 6 x 90 Minuten<\/li>\n<li>10er Karte f\u00fcr 1 Person (alle Kurse m\u00f6glich) 10 Kurseinheiten frei w\u00e4hlbar<\/li>\n<\/ul>\n<p>&nbsp;<\/p>\n<h1>Gutschein kostenpflichtig bestellen:<\/h1>\n<table class=\"table table-condensed\"><thead><tr><th>Kurs\/Veranstaltung<\/th><th>Beginn<\/th><th>Dauer<\/th><th>Preis<\/th><th>Optionen<\/th><\/tr><\/thead><tbody><tr><td>10er Karte<\/td><td>-<\/td><td>10 Kurseinheiten<\/td><td>180 Euro  (pro Person)<\/td><td><form name=\"scmRegister_226\" action=\"?action=register\" method=\"post\"><select name=\"scmPersons\"><option value=\"1\">1<\/option><option value=\"2\">2<\/option><\/select> Person(en)<input type=\"hidden\" value=\"226\" name=\"scmID\" \/><input type=\"hidden\" value=\"10er Karte\" name=\"scmCourse\" \/><input type=\"hidden\" value=\"Le Bal\" name=\"scmLocation\" \/><input type=\"hidden\" value=\"-\" name=\"scmStart\" \/><input type=\"hidden\" value=\"94\" name=\"scmLimit\" \/><input type=\"hidden\" value=\"180\" name=\"scmPrice\" \/><input type=\"hidden\" value=\"e0ab4211e0\" name=\"scmCheck\" \/>&nbsp;<input type=\"submit\" value=\"anmelden\" name=\"scmSubmit\" \/><\/form><\/td><\/tr><tr><td>Gutschein<\/td><td>-<\/td><td>6 x 90 Minuten<\/td><td>110 Euro  (pro Person)<\/td><td><form name=\"scmRegister_223\" action=\"?action=register\" method=\"post\"><select name=\"scmPersons\"><option value=\"1\">1<\/option><option value=\"2\">2<\/option><\/select> Person(en)<input type=\"hidden\" value=\"223\" name=\"scmID\" \/><input type=\"hidden\" value=\"Gutschein\" name=\"scmCourse\" \/><input type=\"hidden\" value=\"Le Bal\" name=\"scmLocation\" \/><input type=\"hidden\" value=\"-\" name=\"scmStart\" \/><input type=\"hidden\" value=\"75\" name=\"scmLimit\" \/><input type=\"hidden\" value=\"110\" name=\"scmPrice\" \/><input type=\"hidden\" value=\"a2cc6a4c86\" name=\"scmCheck\" \/>&nbsp;<input type=\"submit\" value=\"anmelden\" name=\"scmSubmit\" \/><\/form><\/td><\/tr><\/tbody><\/table>\n","protected":false},"excerpt":{"rendered":"<p>Hier k\u00f6nnen Sie einen Gutschein bestellen. Nach erfolgter Bestellung, schicken wir Ihnen den Gutschein mit Rechnung zu. Bezahlbar ist der Gutschein nach Erhalt der Rechnung. Der Gutschein ist erst nach Erhalt des Rechnungsbetrages g\u00fcltig! Ein Gutschein hat eine rechtliche G\u00fcltigkeit von 3 Jahren, beginnend mit dem Zahlungseingang. Bei einer Preiserh\u00f6hung in diesem Zeitraum k\u00f6nnen nachtr\u00e4gliche<\/p>\n<p><a href=\"https:\/\/www.tanzschulepeterhansl.de\/v4\/kurse\/gutschein\/\" class=\"read-more\">weiterlesen &rarr;<\/a><\/p>\n","protected":false},"author":2,"featured_media":0,"parent":4,"menu_order":0,"comment_status":"closed","ping_status":"closed","template":"","meta":{"footnotes":""},"class_list":["post-1436","page","type-page","status-publish","hentry"],"_links":{"self":[{"href":"https:\/\/www.tanzschulepeterhansl.de\/v4\/wp-json\/wp\/v2\/pages\/1436","targetHints":{"allow":["GET"]}}],"collection":[{"href":"https:\/\/www.tanzschulepeterhansl.de\/v4\/wp-json\/wp\/v2\/pages"}],"about":[{"href":"https:\/\/www.tanzschulepeterhansl.de\/v4\/wp-json\/wp\/v2\/types\/page"}],"author":[{"embeddable":true,"href":"https:\/\/www.tanzschulepeterhansl.de\/v4\/wp-json\/wp\/v2\/users\/2"}],"replies":[{"embeddable":true,"href":"https:\/\/www.tanzschulepeterhansl.de\/v4\/wp-json\/wp\/v2\/comments?post=1436"}],"version-history":[{"count":7,"href":"https:\/\/www.tanzschulepeterhansl.de\/v4\/wp-json\/wp\/v2\/pages\/1436\/revisions"}],"predecessor-version":[{"id":1445,"href":"https:\/\/www.tanzschulepeterhansl.de\/v4\/wp-json\/wp\/v2\/pages\/1436\/revisions\/1445"}],"up":[{"embeddable":true,"href":"https:\/\/www.tanzschulepeterhansl.de\/v4\/wp-json\/wp\/v2\/pages\/4"}],"wp:attachment":[{"href":"https:\/\/www.tanzschulepeterhansl.de\/v4\/wp-json\/wp\/v2\/media?parent=1436"}],"curies":[{"name":"wp","href":"https:\/\/api.w.org\/{rel}","templated":true}]}}